{"id":13859,"date":"2024-05-23T11:07:58","date_gmt":"2024-05-23T09:07:58","guid":{"rendered":"https:\/\/finewinegang.be\/?post_type=product&#038;p=13859"},"modified":"2024-05-30T15:12:13","modified_gmt":"2024-05-30T13:12:13","slug":"gusbourne-brut-reserve-2019","status":"publish","type":"product","link":"https:\/\/finewinegang.be\/fr\/produit\/gusbourne-brut-reserve-2019\/","title":{"rendered":"Gusbourne Brut R\u00e9serve 2019"},"content":{"rendered":"","protected":false},"excerpt":{"rendered":"<p>D\u00e9couvrez le go\u00fbt raffin\u00e9 de Gusbourne Brut R\u00e9serve, un favori p\u00e9tillant avec un caract\u00e8re harmonieux.<\/p>\n","protected":false},"featured_media":14871,"template":"","meta":{"_acf_changed":false,"subtitle":"","day_of_the_week":"","starting_time":0,"location":"","other_location_name":"","other_location_street_number":"","other_location_zip":"","other_location_city":"","other_location_address_itinerary_link":"","other_location_email_to_keep_updated":""},"product_brand":[],"product_cat":[373,375],"product_tag":[],"class_list":{"0":"post-13859","1":"product","2":"type-product","3":"status-publish","4":"has-post-thumbnail","6":"product_cat-bouteilles","7":"product_cat-vin-mousseux","8":"product_shipping_class-flessen-fr","10":"first","11":"outofstock","12":"taxable","13":"shipping-taxable","14":"purchasable","15":"product-type-simple"},"acf":{"jaargang":"2019","volume":75,"alcohol":12,"schenktemperatuur":"4\u00b0C - 10\u00b0C","Producent":[13062],"producent_search":"Gusbourne","cuvee":"Brut R\u00e9serve","land":"Verenigd Koninkrijk","regio":"Kent \/ Sussex","appellatie":"Vintage English Sparkling Wine","Kracht":3,"intensiteit":3,"Verouderingspotentieel":3,"smaakprofiel":["Delicaat","Fijne Pareling","Fris"],"aromas":["Appel","Citrus","Mineraal"],"Auteur":"Antoine","quote":"C'est le vin mousseux que l'on attendait tous : de fines bulles, une fra\u00eecheur en bouche et une acidit\u00e9 croquante. En bref, le compagnon id\u00e9al de votre ap\u00e9ritif (en passant par un pique-nique sur l'herbe ou sur le dancefloor). \n\n","druif":["Chardonnay","Pinot Meunier","Pinot Noir \/ Pinot Nero"],"awards":"","bio":false},"_links":{"self":[{"href":"https:\/\/finewinegang.be\/fr\/wp-json\/wp\/v2\/product\/13859","targetHints":{"allow":["GET"]}}],"collection":[{"href":"https:\/\/finewinegang.be\/fr\/wp-json\/wp\/v2\/product"}],"about":[{"href":"https:\/\/finewinegang.be\/fr\/wp-json\/wp\/v2\/types\/product"}],"version-history":[{"count":1,"href":"https:\/\/finewinegang.be\/fr\/wp-json\/wp\/v2\/product\/13859\/revisions"}],"predecessor-version":[{"id":14482,"href":"https:\/\/finewinegang.be\/fr\/wp-json\/wp\/v2\/product\/13859\/revisions\/14482"}],"acf:post":[{"embeddable":true,"href":"https:\/\/finewinegang.be\/fr\/wp-json\/wp\/v2\/producent\/13062"}],"wp:featuredmedia":[{"embeddable":true,"href":"https:\/\/finewinegang.be\/fr\/wp-json\/wp\/v2\/media\/14871"}],"wp:attachment":[{"href":"https:\/\/finewinegang.be\/fr\/wp-json\/wp\/v2\/media?parent=13859"}],"wp:term":[{"taxonomy":"product_brand","embeddable":true,"href":"https:\/\/finewinegang.be\/fr\/wp-json\/wp\/v2\/product_brand?post=13859"},{"taxonomy":"product_cat","embeddable":true,"href":"https:\/\/finewinegang.be\/fr\/wp-json\/wp\/v2\/product_cat?post=13859"},{"taxonomy":"product_tag","embeddable":true,"href":"https:\/\/finewinegang.be\/fr\/wp-json\/wp\/v2\/product_tag?post=13859"}],"curies":[{"name":"wp","href":"https:\/\/api.w.org\/{rel}","templated":true}]}}