{"id":13853,"date":"2024-05-23T11:07:58","date_gmt":"2024-05-23T09:07:58","guid":{"rendered":"https:\/\/finewinegang.be\/?post_type=product&#038;p=13853"},"modified":"2025-03-11T11:27:39","modified_gmt":"2025-03-11T10:27:39","slug":"gusbourne-brut-reserve-2020","status":"publish","type":"product","link":"https:\/\/finewinegang.be\/fr\/produit\/gusbourne-brut-reserve-2020\/","title":{"rendered":"Gusbourne Brut R\u00e9serve 2020"},"content":{"rendered":"","protected":false},"excerpt":{"rendered":"<p>D\u00e9couvrez le go\u00fbt raffin\u00e9 de Gusbourne Brut R\u00e9serve, un favori p\u00e9tillant avec un caract\u00e8re harmonieux.<\/p>\n","protected":false},"featured_media":13857,"template":"","meta":{"_acf_changed":false,"subtitle":"","day_of_the_week":"","starting_time":0,"location":"","other_location_name":"","other_location_street_number":"","other_location_zip":"","other_location_city":"","other_location_address_itinerary_link":"","other_location_email_to_keep_updated":""},"product_brand":[],"product_cat":[373,375],"product_tag":[],"class_list":{"0":"post-13853","1":"product","2":"type-product","3":"status-publish","4":"has-post-thumbnail","6":"product_cat-bouteilles","7":"product_cat-vin-mousseux","8":"product_shipping_class-flessen-fr","10":"first","11":"outofstock","12":"taxable","13":"shipping-taxable","14":"purchasable","15":"product-type-simple"},"acf":{"jaargang":"2020","volume":75,"alcohol":12,"schenktemperatuur":"4\u00b0C - 10\u00b0C","Producent":[13062],"producent_search":"Gusbourne","cuvee":"Brut R\u00e9serve","land":"Verenigd Koninkrijk","regio":"Kent \/ Sussex","appellatie":"Vintage English Sparkling Wine","Kracht":3,"intensiteit":3,"Verouderingspotentieel":3,"smaakprofiel":["Delicaat","Fijne Pareling","Fris"],"aromas":["Appel","Citrus","Mineraal"],"Auteur":"Antoine","quote":"C'est le vin effervescent que nous attendions tous : des bulles fines, une bouche fra\u00eeche et une acidit\u00e9 fra\u00eeche. \nBref, id\u00e9al \u00e0 l'ap\u00e9ritif (\u00e9galement lors d'un pique-nique sur l'herbe ou sur la piste de danse).\n","druif":["Chardonnay","Pinot Meunier","Pinot Noir \/ Pinot Nero"],"awards":"","bio":false},"_links":{"self":[{"href":"https:\/\/finewinegang.be\/fr\/wp-json\/wp\/v2\/product\/13853","targetHints":{"allow":["GET"]}}],"collection":[{"href":"https:\/\/finewinegang.be\/fr\/wp-json\/wp\/v2\/product"}],"about":[{"href":"https:\/\/finewinegang.be\/fr\/wp-json\/wp\/v2\/types\/product"}],"version-history":[{"count":2,"href":"https:\/\/finewinegang.be\/fr\/wp-json\/wp\/v2\/product\/13853\/revisions"}],"predecessor-version":[{"id":20897,"href":"https:\/\/finewinegang.be\/fr\/wp-json\/wp\/v2\/product\/13853\/revisions\/20897"}],"acf:post":[{"embeddable":true,"href":"https:\/\/finewinegang.be\/fr\/wp-json\/wp\/v2\/producent\/13062"}],"wp:featuredmedia":[{"embeddable":true,"href":"https:\/\/finewinegang.be\/fr\/wp-json\/wp\/v2\/media\/13857"}],"wp:attachment":[{"href":"https:\/\/finewinegang.be\/fr\/wp-json\/wp\/v2\/media?parent=13853"}],"wp:term":[{"taxonomy":"product_brand","embeddable":true,"href":"https:\/\/finewinegang.be\/fr\/wp-json\/wp\/v2\/product_brand?post=13853"},{"taxonomy":"product_cat","embeddable":true,"href":"https:\/\/finewinegang.be\/fr\/wp-json\/wp\/v2\/product_cat?post=13853"},{"taxonomy":"product_tag","embeddable":true,"href":"https:\/\/finewinegang.be\/fr\/wp-json\/wp\/v2\/product_tag?post=13853"}],"curies":[{"name":"wp","href":"https:\/\/api.w.org\/{rel}","templated":true}]}}