{"id":13809,"date":"2024-05-28T22:09:09","date_gmt":"2024-05-28T20:09:09","guid":{"rendered":"https:\/\/finewinegang.be\/?post_type=product&#038;p=13809"},"modified":"2025-11-17T15:35:06","modified_gmt":"2025-11-17T14:35:06","slug":"raices-ibericas-prieto-picudo-2021","status":"publish","type":"product","link":"https:\/\/finewinegang.be\/fr\/produit\/raices-ibericas-prieto-picudo-2021\/","title":{"rendered":"Raices Ibericas Prieto Picudo 2021"},"content":{"rendered":"","protected":false},"excerpt":{"rendered":"<p>D\u00e9gustez la saveur unique de Raices Ibericas Prieto Picudo, un vin rouge espagnol de Tierra de Le\u00f3n qui c\u00e9l\u00e8bre la vari\u00e9t\u00e9 caract\u00e9ristique de la r\u00e9gion.<\/p>\n","protected":false},"featured_media":13807,"template":"","meta":{"_acf_changed":false,"subtitle":"","day_of_the_week":"Monday","starting_time":0,"location":"ANTWERP","other_location_name":"","other_location_street_number":"","other_location_zip":"","other_location_city":"","other_location_address_itinerary_link":"","other_location_email_to_keep_updated":""},"product_brand":[],"product_cat":[373,597,390],"product_tag":[517],"class_list":{"0":"post-13809","1":"product","2":"type-product","3":"status-publish","4":"has-post-thumbnail","6":"product_cat-bouteilles","7":"product_cat-local-friday-2025","8":"product_cat-vin-rouge","9":"product_tag-raices-ibericas-fr","10":"product_shipping_class-flessen-fr","12":"first","13":"instock","14":"taxable","15":"shipping-taxable","16":"purchasable","17":"product-type-simple"},"acf":{"jaargang":"2021","volume":75,"alcohol":13,"schenktemperatuur":"16\u00b0C - 18\u00b0C","Producent":[13077],"producent_search":"Ra\u00edces Ib\u00e9ricas","cuvee":"Prieto Picudo","land":"Spanje","regio":"Tierra de Le\u00f3n","appellatie":"Vino Tinto Varietal UE","Kracht":3,"intensiteit":3,"Verouderingspotentieel":4,"smaakprofiel":["Compact","Complex","Fris"],"aromas":["Kruidig","Volatiel","Zwart Fruit"],"Auteur":"Antoine","quote":"On a parfois envie d'ouvrir une bouteille sans savoir ce que l'on va manger. Une rondeur agr\u00e9able, suffisamment de caract\u00e8re et un prix attractif. Ne cherchez pas plus loin ! Vous avez trouv\u00e9 la bouteille pour accompagner tous vos plats !  ","druif":["Prieto Picudo"],"awards":"","bio":false},"_links":{"self":[{"href":"https:\/\/finewinegang.be\/fr\/wp-json\/wp\/v2\/product\/13809","targetHints":{"allow":["GET"]}}],"collection":[{"href":"https:\/\/finewinegang.be\/fr\/wp-json\/wp\/v2\/product"}],"about":[{"href":"https:\/\/finewinegang.be\/fr\/wp-json\/wp\/v2\/types\/product"}],"version-history":[{"count":1,"href":"https:\/\/finewinegang.be\/fr\/wp-json\/wp\/v2\/product\/13809\/revisions"}],"predecessor-version":[{"id":14134,"href":"https:\/\/finewinegang.be\/fr\/wp-json\/wp\/v2\/product\/13809\/revisions\/14134"}],"acf:post":[{"embeddable":true,"href":"https:\/\/finewinegang.be\/fr\/wp-json\/wp\/v2\/producent\/13077"}],"wp:featuredmedia":[{"embeddable":true,"href":"https:\/\/finewinegang.be\/fr\/wp-json\/wp\/v2\/media\/13807"}],"wp:attachment":[{"href":"https:\/\/finewinegang.be\/fr\/wp-json\/wp\/v2\/media?parent=13809"}],"wp:term":[{"taxonomy":"product_brand","embeddable":true,"href":"https:\/\/finewinegang.be\/fr\/wp-json\/wp\/v2\/product_brand?post=13809"},{"taxonomy":"product_cat","embeddable":true,"href":"https:\/\/finewinegang.be\/fr\/wp-json\/wp\/v2\/product_cat?post=13809"},{"taxonomy":"product_tag","embeddable":true,"href":"https:\/\/finewinegang.be\/fr\/wp-json\/wp\/v2\/product_tag?post=13809"}],"curies":[{"name":"wp","href":"https:\/\/api.w.org\/{rel}","templated":true}]}}