{"id":13715,"date":"2024-05-29T15:51:58","date_gmt":"2024-05-29T13:51:58","guid":{"rendered":"https:\/\/finewinegang.be\/?post_type=product&#038;p=13715"},"modified":"2025-04-30T15:32:39","modified_gmt":"2025-04-30T13:32:39","slug":"hecht-bannier-bandol-rose-2021","status":"publish","type":"product","link":"https:\/\/finewinegang.be\/fr\/produit\/hecht-bannier-bandol-rose-2021\/","title":{"rendered":"Hecht &#038; Bannier Bandol Ros\u00e9 2021"},"content":{"rendered":"","protected":false},"excerpt":{"rendered":"<p>Appr\u00e9ciez la profondeur de Hecht &amp; Bannier Bandol Ros\u00e9, un ros\u00e9 qui incarne les saveurs authentiques de la Provence.<\/p>\n","protected":false},"featured_media":15507,"template":"","meta":{"_acf_changed":false,"subtitle":"","day_of_the_week":"","starting_time":0,"location":"","other_location_name":"","other_location_street_number":"","other_location_zip":"","other_location_city":"","other_location_address_itinerary_link":"","other_location_email_to_keep_updated":""},"product_brand":[],"product_cat":[373,394],"product_tag":[578],"class_list":{"0":"post-13715","1":"product","2":"type-product","3":"status-publish","4":"has-post-thumbnail","6":"product_cat-bouteilles","7":"product_cat-vin-rose","8":"product_tag-hecht-fr","9":"product_shipping_class-flessen-fr","11":"first","12":"instock","13":"taxable","14":"shipping-taxable","15":"purchasable","16":"product-type-simple"},"acf":{"jaargang":"2021","volume":75,"alcohol":"","schenktemperatuur":"8\u00b0C - 12\u00b0C","Producent":[13123],"producent_search":"Hecht & Bannier","cuvee":"Bandol Ros\u00e9","land":"Frankrijk","regio":"Provence","appellatie":"Bandol","Kracht":3,"intensiteit":4,"Verouderingspotentieel":3,"smaakprofiel":["Diep","Gastronomisch","Rond"],"aromas":["Abrikoos","Bloedsinaasappel","Kruidig"],"Auteur":"Antoine","quote":"Quoi de mieux qu'une journ\u00e9e au soleil, en sirotant ce grand vin et en r\u00e9fl\u00e9chissant \u00e0 la beaut\u00e9 de la vie ?","druif":["Cinsault","Grenache \/ Garnacha","Mourv\u00e8dre"],"awards":"","bio":false},"_links":{"self":[{"href":"https:\/\/finewinegang.be\/fr\/wp-json\/wp\/v2\/product\/13715","targetHints":{"allow":["GET"]}}],"collection":[{"href":"https:\/\/finewinegang.be\/fr\/wp-json\/wp\/v2\/product"}],"about":[{"href":"https:\/\/finewinegang.be\/fr\/wp-json\/wp\/v2\/types\/product"}],"version-history":[{"count":2,"href":"https:\/\/finewinegang.be\/fr\/wp-json\/wp\/v2\/product\/13715\/revisions"}],"predecessor-version":[{"id":14506,"href":"https:\/\/finewinegang.be\/fr\/wp-json\/wp\/v2\/product\/13715\/revisions\/14506"}],"acf:post":[{"embeddable":true,"href":"https:\/\/finewinegang.be\/fr\/wp-json\/wp\/v2\/producent\/13123"}],"wp:featuredmedia":[{"embeddable":true,"href":"https:\/\/finewinegang.be\/fr\/wp-json\/wp\/v2\/media\/15507"}],"wp:attachment":[{"href":"https:\/\/finewinegang.be\/fr\/wp-json\/wp\/v2\/media?parent=13715"}],"wp:term":[{"taxonomy":"product_brand","embeddable":true,"href":"https:\/\/finewinegang.be\/fr\/wp-json\/wp\/v2\/product_brand?post=13715"},{"taxonomy":"product_cat","embeddable":true,"href":"https:\/\/finewinegang.be\/fr\/wp-json\/wp\/v2\/product_cat?post=13715"},{"taxonomy":"product_tag","embeddable":true,"href":"https:\/\/finewinegang.be\/fr\/wp-json\/wp\/v2\/product_tag?post=13715"}],"curies":[{"name":"wp","href":"https:\/\/api.w.org\/{rel}","templated":true}]}}