{"id":13702,"date":"2024-05-23T11:08:07","date_gmt":"2024-05-23T09:08:07","guid":{"rendered":"https:\/\/finewinegang.be\/?post_type=product&#038;p=13702"},"modified":"2024-08-01T13:01:45","modified_gmt":"2024-08-01T11:01:45","slug":"garofoli-k-volve-2023","status":"publish","type":"product","link":"https:\/\/finewinegang.be\/fr\/produit\/garofoli-k-volve-2023\/","title":{"rendered":"Garofoli K-Volve 2023"},"content":{"rendered":"","protected":false},"excerpt":{"rendered":"<p>D\u00e9couvrez le charme italien de Garofoli K-Volve, un ros\u00e9 qui refl\u00e8te l&rsquo;\u00e9l\u00e9gance des Marches.<\/p>\n","protected":false},"featured_media":14814,"template":"","meta":{"_acf_changed":false,"subtitle":"","day_of_the_week":"","starting_time":0,"location":"","other_location_name":"","other_location_street_number":"","other_location_zip":"","other_location_city":"","other_location_address_itinerary_link":"","other_location_email_to_keep_updated":""},"product_brand":[],"product_cat":[373,394],"product_tag":[497],"class_list":{"0":"post-13702","1":"product","2":"type-product","3":"status-publish","4":"has-post-thumbnail","6":"product_cat-bouteilles","7":"product_cat-vin-rose","8":"product_tag-garofoli-fr","9":"product_shipping_class-flessen-fr","11":"first","12":"instock","13":"taxable","14":"shipping-taxable","15":"purchasable","16":"product-type-simple"},"acf":{"jaargang":"2023","volume":75,"alcohol":13,"schenktemperatuur":"8\u00b0C - 11\u00b0C","Producent":[13074],"producent_search":"Garofoli","cuvee":"K-Volve","land":"Itali\u00eb","regio":"Marche","appellatie":"IGT Marche","Kracht":4,"intensiteit":3,"Verouderingspotentieel":3,"smaakprofiel":["Intens","Origineel","Warm"],"aromas":["Houtaccenten","Rood Fruit","Zoete Kruiden"],"Auteur":"Antoine","quote":"Les Italiens ne plaisantent pas avec ce ros\u00e9, \u00e9labor\u00e9 \u00e0 partir des meilleurs raisins de Montepulciano et vieilli pendant un certain temps en f\u00fbts de bois. Original ? Eh bien oui, il l'est !  ","druif":["Montepulciano"],"awards":"","bio":false},"_links":{"self":[{"href":"https:\/\/finewinegang.be\/fr\/wp-json\/wp\/v2\/product\/13702","targetHints":{"allow":["GET"]}}],"collection":[{"href":"https:\/\/finewinegang.be\/fr\/wp-json\/wp\/v2\/product"}],"about":[{"href":"https:\/\/finewinegang.be\/fr\/wp-json\/wp\/v2\/types\/product"}],"version-history":[{"count":2,"href":"https:\/\/finewinegang.be\/fr\/wp-json\/wp\/v2\/product\/13702\/revisions"}],"predecessor-version":[{"id":16053,"href":"https:\/\/finewinegang.be\/fr\/wp-json\/wp\/v2\/product\/13702\/revisions\/16053"}],"acf:post":[{"embeddable":true,"href":"https:\/\/finewinegang.be\/fr\/wp-json\/wp\/v2\/producent\/13074"}],"wp:featuredmedia":[{"embeddable":true,"href":"https:\/\/finewinegang.be\/fr\/wp-json\/wp\/v2\/media\/14814"}],"wp:attachment":[{"href":"https:\/\/finewinegang.be\/fr\/wp-json\/wp\/v2\/media?parent=13702"}],"wp:term":[{"taxonomy":"product_brand","embeddable":true,"href":"https:\/\/finewinegang.be\/fr\/wp-json\/wp\/v2\/product_brand?post=13702"},{"taxonomy":"product_cat","embeddable":true,"href":"https:\/\/finewinegang.be\/fr\/wp-json\/wp\/v2\/product_cat?post=13702"},{"taxonomy":"product_tag","embeddable":true,"href":"https:\/\/finewinegang.be\/fr\/wp-json\/wp\/v2\/product_tag?post=13702"}],"curies":[{"name":"wp","href":"https:\/\/api.w.org\/{rel}","templated":true}]}}