{"id":13689,"date":"2024-05-23T11:08:06","date_gmt":"2024-05-23T09:08:06","guid":{"rendered":"https:\/\/finewinegang.be\/?post_type=product&#038;p=13689"},"modified":"2026-01-02T17:52:50","modified_gmt":"2026-01-02T16:52:50","slug":"marimar-estate-la-masia-chardonnay-don-miguel-vineyard-2020","status":"publish","type":"product","link":"https:\/\/finewinegang.be\/fr\/produit\/marimar-estate-la-masia-chardonnay-don-miguel-vineyard-2020\/","title":{"rendered":"Marimar Estate La Masia Chardonnay &lsquo;Don Miguel Vineyard&rsquo; 2020"},"content":{"rendered":"","protected":false},"excerpt":{"rendered":"<p>D\u00e9couvrez l&rsquo;\u00e9l\u00e9gance du Marimar Estate La Masia &lsquo;Don Miguel Vineyard&rsquo;, un vin blanc californien qui refl\u00e8te la passion du vignoble.<\/p>\n","protected":false},"featured_media":13687,"template":"","meta":{"_acf_changed":false,"subtitle":"","day_of_the_week":"","starting_time":0,"location":"","other_location_name":"","other_location_street_number":"","other_location_zip":"","other_location_city":"","other_location_address_itinerary_link":"","other_location_email_to_keep_updated":""},"product_brand":[],"product_cat":[373,392],"product_tag":[546],"class_list":{"0":"post-13689","1":"product","2":"type-product","3":"status-publish","4":"has-post-thumbnail","6":"product_cat-bouteilles","7":"product_cat-vin-blanc","8":"product_tag-marimar-estate-fr","9":"product_shipping_class-flessen-fr","11":"first","12":"instock","13":"taxable","14":"shipping-taxable","15":"purchasable","16":"product-type-simple"},"acf":{"jaargang":"2020","volume":75,"alcohol":14,"schenktemperatuur":"10\u00b0C - 12\u00b0C","Producent":[13109],"producent_search":"Marimar Estate","cuvee":"La Masia Chardonnay 'Don Miguel Vineyard'","land":"Verenigde Staten","regio":"California","appellatie":"AVA Russian River Valley","Kracht":3,"intensiteit":3,"Verouderingspotentieel":4,"smaakprofiel":["Honingachtig","Rijk","Toasty"],"aromas":["Brioche","Mango","Toast"],"Auteur":"Stijn","quote":"Ce qu'il y a de bien avec les Am\u00e9ricains, c'est qu'ils font tout en plus grand que tout le monde. C'est un grand Chardonnay, le style que l'on ne peut qu'\u00e9treindre et aimer. ","druif":["Chardonnay"],"awards":"","bio":false},"_links":{"self":[{"href":"https:\/\/finewinegang.be\/fr\/wp-json\/wp\/v2\/product\/13689","targetHints":{"allow":["GET"]}}],"collection":[{"href":"https:\/\/finewinegang.be\/fr\/wp-json\/wp\/v2\/product"}],"about":[{"href":"https:\/\/finewinegang.be\/fr\/wp-json\/wp\/v2\/types\/product"}],"version-history":[{"count":2,"href":"https:\/\/finewinegang.be\/fr\/wp-json\/wp\/v2\/product\/13689\/revisions"}],"predecessor-version":[{"id":22306,"href":"https:\/\/finewinegang.be\/fr\/wp-json\/wp\/v2\/product\/13689\/revisions\/22306"}],"acf:post":[{"embeddable":true,"href":"https:\/\/finewinegang.be\/fr\/wp-json\/wp\/v2\/producent\/13109"}],"wp:featuredmedia":[{"embeddable":true,"href":"https:\/\/finewinegang.be\/fr\/wp-json\/wp\/v2\/media\/13687"}],"wp:attachment":[{"href":"https:\/\/finewinegang.be\/fr\/wp-json\/wp\/v2\/media?parent=13689"}],"wp:term":[{"taxonomy":"product_brand","embeddable":true,"href":"https:\/\/finewinegang.be\/fr\/wp-json\/wp\/v2\/product_brand?post=13689"},{"taxonomy":"product_cat","embeddable":true,"href":"https:\/\/finewinegang.be\/fr\/wp-json\/wp\/v2\/product_cat?post=13689"},{"taxonomy":"product_tag","embeddable":true,"href":"https:\/\/finewinegang.be\/fr\/wp-json\/wp\/v2\/product_tag?post=13689"}],"curies":[{"name":"wp","href":"https:\/\/api.w.org\/{rel}","templated":true}]}}