{"id":13685,"date":"2024-05-23T11:08:06","date_gmt":"2024-05-23T09:08:06","guid":{"rendered":"https:\/\/finewinegang.be\/?post_type=product&#038;p=13685"},"modified":"2024-05-30T15:04:13","modified_gmt":"2024-05-30T13:04:13","slug":"vinultra-insight-sauvignon-blanc-2022","status":"publish","type":"product","link":"https:\/\/finewinegang.be\/fr\/produit\/vinultra-insight-sauvignon-blanc-2022\/","title":{"rendered":"Vinultra Insight sauvignon blanc 2022"},"content":{"rendered":"","protected":false},"excerpt":{"rendered":"<p>Appr\u00e9ciez les saveurs vibrantes du Vinultra Insight sauvignon blanc, un vin blanc n\u00e9o-z\u00e9landais qui refl\u00e8te le terroir unique de Marlborough.<\/p>\n","protected":false},"featured_media":14766,"template":"","meta":{"_acf_changed":false,"subtitle":"","day_of_the_week":"","starting_time":0,"location":"","other_location_name":"","other_location_street_number":"","other_location_zip":"","other_location_city":"","other_location_address_itinerary_link":"","other_location_email_to_keep_updated":""},"product_brand":[],"product_cat":[373,392],"product_tag":[516],"class_list":{"0":"post-13685","1":"product","2":"type-product","3":"status-publish","4":"has-post-thumbnail","6":"product_cat-bouteilles","7":"product_cat-vin-blanc","8":"product_tag-vinultra-fr","9":"product_shipping_class-flessen-fr","11":"first","12":"outofstock","13":"taxable","14":"shipping-taxable","15":"purchasable","16":"product-type-simple"},"acf":{"jaargang":"2022","volume":75,"alcohol":12.5,"schenktemperatuur":"6\u00b0C - 8\u00b0C","Producent":[13113],"producent_search":"Vinultra","cuvee":"Insight sauvignon blanc","land":"Nieuw Zeeland","regio":"Marlborough","appellatie":"Marlborough","Kracht":2,"intensiteit":5,"Verouderingspotentieel":2,"smaakprofiel":["Aromatisch","Exotisch","Fris"],"aromas":["Asperges","Citrus","Passievrucht"],"Auteur":"Stijn","quote":"Fruit de la passion, agrumes m\u00fbrs, fleur de sureau.... nommez-les et vous les obtiendrez. Tout ce qui fait le charme de la Nouvelle-Z\u00e9lande se retrouve dans cette bouteille. Du pur plaisir en bouteille !","druif":"","awards":"","bio":false},"_links":{"self":[{"href":"https:\/\/finewinegang.be\/fr\/wp-json\/wp\/v2\/product\/13685","targetHints":{"allow":["GET"]}}],"collection":[{"href":"https:\/\/finewinegang.be\/fr\/wp-json\/wp\/v2\/product"}],"about":[{"href":"https:\/\/finewinegang.be\/fr\/wp-json\/wp\/v2\/types\/product"}],"version-history":[{"count":1,"href":"https:\/\/finewinegang.be\/fr\/wp-json\/wp\/v2\/product\/13685\/revisions"}],"predecessor-version":[{"id":14456,"href":"https:\/\/finewinegang.be\/fr\/wp-json\/wp\/v2\/product\/13685\/revisions\/14456"}],"acf:post":[{"embeddable":true,"href":"https:\/\/finewinegang.be\/fr\/wp-json\/wp\/v2\/producent\/13113"}],"wp:featuredmedia":[{"embeddable":true,"href":"https:\/\/finewinegang.be\/fr\/wp-json\/wp\/v2\/media\/14766"}],"wp:attachment":[{"href":"https:\/\/finewinegang.be\/fr\/wp-json\/wp\/v2\/media?parent=13685"}],"wp:term":[{"taxonomy":"product_brand","embeddable":true,"href":"https:\/\/finewinegang.be\/fr\/wp-json\/wp\/v2\/product_brand?post=13685"},{"taxonomy":"product_cat","embeddable":true,"href":"https:\/\/finewinegang.be\/fr\/wp-json\/wp\/v2\/product_cat?post=13685"},{"taxonomy":"product_tag","embeddable":true,"href":"https:\/\/finewinegang.be\/fr\/wp-json\/wp\/v2\/product_tag?post=13685"}],"curies":[{"name":"wp","href":"https:\/\/api.w.org\/{rel}","templated":true}]}}