{"id":13681,"date":"2024-05-23T11:08:06","date_gmt":"2024-05-23T09:08:06","guid":{"rendered":"https:\/\/finewinegang.be\/?post_type=product&#038;p=13681"},"modified":"2025-11-29T16:20:01","modified_gmt":"2025-11-29T15:20:01","slug":"yalumba-samuels-collection-viognier-2020","status":"publish","type":"product","link":"https:\/\/finewinegang.be\/fr\/produit\/yalumba-samuels-collection-viognier-2020\/","title":{"rendered":"Yalumba Samuel&rsquo;s Collection &lsquo;Viognier&rsquo; 2020"},"content":{"rendered":"","protected":false},"excerpt":{"rendered":"<p>D\u00e9couvrez les ar\u00f4mes luxuriants du Yalumba Samuel&rsquo;s Collection &lsquo;Viognier&rsquo;, un vin blanc australien qui repr\u00e9sente la vall\u00e9e de la Barossa.<\/p>\n","protected":false},"featured_media":13679,"template":"","meta":{"_acf_changed":false,"subtitle":"","day_of_the_week":"Monday","starting_time":0,"location":"ANTWERP","other_location_name":"","other_location_street_number":"","other_location_zip":"","other_location_city":"","other_location_address_itinerary_link":"","other_location_email_to_keep_updated":""},"product_brand":[],"product_cat":[373,597,392],"product_tag":[570],"class_list":{"0":"post-13681","1":"product","2":"type-product","3":"status-publish","4":"has-post-thumbnail","6":"product_cat-bouteilles","7":"product_cat-local-friday-2025","8":"product_cat-vin-blanc","9":"product_tag-yalumba-fr","10":"product_shipping_class-flessen-fr","12":"first","13":"instock","14":"taxable","15":"shipping-taxable","16":"purchasable","17":"product-type-simple"},"acf":{"jaargang":"2020","volume":75,"alcohol":14,"schenktemperatuur":"8\u00b0C - 11\u00b0C","Producent":[13119],"producent_search":"Yalumba","cuvee":"Samuel's Collection 'Viognier'","land":"Australi\u00eb","regio":"South Australia","appellatie":"Eden Valley","Kracht":3,"intensiteit":4,"Verouderingspotentieel":1,"smaakprofiel":["Fruitig","Rond","Smaakvol"],"aromas":["Abrikoos","Perzik","Pralin\u00e9"],"Auteur":"Antoine","quote":"Le soleil et la chaleur de l'Australie dans une bouteille ! Saveurs fruit\u00e9es et gourmandes d'abricot et de mandarine confite, bouche ronde, douce et agr\u00e9able... ","druif":["Viognier"],"awards":"","bio":false},"_links":{"self":[{"href":"https:\/\/finewinegang.be\/fr\/wp-json\/wp\/v2\/product\/13681","targetHints":{"allow":["GET"]}}],"collection":[{"href":"https:\/\/finewinegang.be\/fr\/wp-json\/wp\/v2\/product"}],"about":[{"href":"https:\/\/finewinegang.be\/fr\/wp-json\/wp\/v2\/types\/product"}],"version-history":[{"count":1,"href":"https:\/\/finewinegang.be\/fr\/wp-json\/wp\/v2\/product\/13681\/revisions"}],"predecessor-version":[{"id":14457,"href":"https:\/\/finewinegang.be\/fr\/wp-json\/wp\/v2\/product\/13681\/revisions\/14457"}],"acf:post":[{"embeddable":true,"href":"https:\/\/finewinegang.be\/fr\/wp-json\/wp\/v2\/producent\/13119"}],"wp:featuredmedia":[{"embeddable":true,"href":"https:\/\/finewinegang.be\/fr\/wp-json\/wp\/v2\/media\/13679"}],"wp:attachment":[{"href":"https:\/\/finewinegang.be\/fr\/wp-json\/wp\/v2\/media?parent=13681"}],"wp:term":[{"taxonomy":"product_brand","embeddable":true,"href":"https:\/\/finewinegang.be\/fr\/wp-json\/wp\/v2\/product_brand?post=13681"},{"taxonomy":"product_cat","embeddable":true,"href":"https:\/\/finewinegang.be\/fr\/wp-json\/wp\/v2\/product_cat?post=13681"},{"taxonomy":"product_tag","embeddable":true,"href":"https:\/\/finewinegang.be\/fr\/wp-json\/wp\/v2\/product_tag?post=13681"}],"curies":[{"name":"wp","href":"https:\/\/api.w.org\/{rel}","templated":true}]}}