{"id":13677,"date":"2024-05-23T11:08:06","date_gmt":"2024-05-23T09:08:06","guid":{"rendered":"https:\/\/finewinegang.be\/?post_type=product&#038;p=13677"},"modified":"2025-06-26T14:49:26","modified_gmt":"2025-06-26T12:49:26","slug":"hecht-bannier-coteaux-daix-en-provence-2022","status":"publish","type":"product","link":"https:\/\/finewinegang.be\/fr\/produit\/hecht-bannier-coteaux-daix-en-provence-2022\/","title":{"rendered":"Hecht &amp; Bannier Coteaux d&rsquo;Aix-en-Provence 2022"},"content":{"rendered":"","protected":false},"excerpt":{"rendered":"<p>D\u00e9couvrez la finesse de Hecht &amp; Bannier Coteaux d&rsquo;Aix en Provence, un ros\u00e9 qui fait revivre la Provence ensoleill\u00e9e.<\/p>\n","protected":false},"featured_media":13675,"template":"","meta":{"_acf_changed":false,"subtitle":"","day_of_the_week":"","starting_time":0,"location":"","other_location_name":"","other_location_street_number":"","other_location_zip":"","other_location_city":"","other_location_address_itinerary_link":"","other_location_email_to_keep_updated":""},"product_brand":[],"product_cat":[373,394],"product_tag":[578],"class_list":{"0":"post-13677","1":"product","2":"type-product","3":"status-publish","4":"has-post-thumbnail","6":"product_cat-bouteilles","7":"product_cat-vin-rose","8":"product_tag-hecht-fr","9":"product_shipping_class-flessen-fr","11":"first","12":"instock","13":"taxable","14":"shipping-taxable","15":"purchasable","16":"product-type-simple"},"acf":{"jaargang":"2022","volume":75,"alcohol":13,"schenktemperatuur":"8\u00b0C - 12\u00b0C","Producent":[13123],"producent_search":"Hecht & Bannier","cuvee":"Coteaux d'Aix en Provence","land":"Frankrijk","regio":"Provence","appellatie":"Coteaux d'Aix en Provence","Kracht":3,"intensiteit":4,"Verouderingspotentieel":1,"smaakprofiel":["Fruitig","Mineraal","Verfrissend"],"aromas":["Aardbei","Framboos","Rozenblaadjes"],"Auteur":"Antoine","quote":"Dans l'oc\u00e9an des ros\u00e9s, celui-ci se d\u00e9marque par sa min\u00e9ralit\u00e9, typiquement issue des sols calcaires de la r\u00e9gion, et \u00e7a se ressent ! ","druif":["Cinsault","Grenache \/ Garnacha"],"awards":"","bio":false},"_links":{"self":[{"href":"https:\/\/finewinegang.be\/fr\/wp-json\/wp\/v2\/product\/13677","targetHints":{"allow":["GET"]}}],"collection":[{"href":"https:\/\/finewinegang.be\/fr\/wp-json\/wp\/v2\/product"}],"about":[{"href":"https:\/\/finewinegang.be\/fr\/wp-json\/wp\/v2\/types\/product"}],"version-history":[{"count":2,"href":"https:\/\/finewinegang.be\/fr\/wp-json\/wp\/v2\/product\/13677\/revisions"}],"predecessor-version":[{"id":22686,"href":"https:\/\/finewinegang.be\/fr\/wp-json\/wp\/v2\/product\/13677\/revisions\/22686"}],"acf:post":[{"embeddable":true,"href":"https:\/\/finewinegang.be\/fr\/wp-json\/wp\/v2\/producent\/13123"}],"wp:featuredmedia":[{"embeddable":true,"href":"https:\/\/finewinegang.be\/fr\/wp-json\/wp\/v2\/media\/13675"}],"wp:attachment":[{"href":"https:\/\/finewinegang.be\/fr\/wp-json\/wp\/v2\/media?parent=13677"}],"wp:term":[{"taxonomy":"product_brand","embeddable":true,"href":"https:\/\/finewinegang.be\/fr\/wp-json\/wp\/v2\/product_brand?post=13677"},{"taxonomy":"product_cat","embeddable":true,"href":"https:\/\/finewinegang.be\/fr\/wp-json\/wp\/v2\/product_cat?post=13677"},{"taxonomy":"product_tag","embeddable":true,"href":"https:\/\/finewinegang.be\/fr\/wp-json\/wp\/v2\/product_tag?post=13677"}],"curies":[{"name":"wp","href":"https:\/\/api.w.org\/{rel}","templated":true}]}}