{"id":13657,"date":"2024-05-23T11:08:09","date_gmt":"2024-05-23T09:08:09","guid":{"rendered":"https:\/\/finewinegang.be\/?post_type=product&#038;p=13657"},"modified":"2025-11-17T15:36:03","modified_gmt":"2025-11-17T14:36:03","slug":"i-campi-valpolicella-superiore-2020","status":"publish","type":"product","link":"https:\/\/finewinegang.be\/fr\/produit\/i-campi-valpolicella-superiore-2020\/","title":{"rendered":"I Campi Valpolicella Superiore 2020"},"content":{"rendered":"","protected":false},"excerpt":{"rendered":"<p>D\u00e9couvrez les saveurs authentiques de I Campi Valpolicella Superiore, un vin rouge du Veneto avec un caract\u00e8re prononc\u00e9 de la DOC Valpolicella Superiore.<\/p>\n","protected":false},"featured_media":13655,"template":"","meta":{"_acf_changed":false,"subtitle":"","day_of_the_week":"Monday","starting_time":0,"location":"ANTWERP","other_location_name":"","other_location_street_number":"","other_location_zip":"","other_location_city":"","other_location_address_itinerary_link":"","other_location_email_to_keep_updated":""},"product_brand":[],"product_cat":[373,597,390],"product_tag":[],"class_list":{"0":"post-13657","1":"product","2":"type-product","3":"status-publish","4":"has-post-thumbnail","6":"product_cat-bouteilles","7":"product_cat-local-friday-2025","8":"product_cat-vin-rouge","9":"product_shipping_class-flessen-fr","11":"first","12":"instock","13":"taxable","14":"shipping-taxable","15":"purchasable","16":"product-type-simple"},"acf":{"jaargang":"2020","volume":75,"alcohol":13.5,"schenktemperatuur":"16\u00b0C - 18\u00b0C","Producent":[13071],"producent_search":"I Campi","cuvee":"Valpolicella Superiore","land":"Itali\u00eb","regio":"Veneto","appellatie":"DOC Valpolicella superiore","Kracht":2,"intensiteit":2,"Verouderingspotentieel":2,"smaakprofiel":["Fruitig","Krokant","Sappig"],"aromas":["Morellen Kersen","Rode Kersen","Verse Bloemen"],"Auteur":"Antoine","quote":"Comment peut-on obtenir une telle expressivit\u00e9 du terroir \u00e0 travers un vin ? La question me taraude, mais Flavio ne parle que l'Italien et je n'en parle pas un mot. Mais cela ne me freine pas pour autant dans mon envie d'engloutir r\u00e9guli\u00e8rement ce vin d\u00e9licieux...  ","druif":["Corvina","Croatina","Rondinella"],"awards":"","bio":false},"_links":{"self":[{"href":"https:\/\/finewinegang.be\/fr\/wp-json\/wp\/v2\/product\/13657","targetHints":{"allow":["GET"]}}],"collection":[{"href":"https:\/\/finewinegang.be\/fr\/wp-json\/wp\/v2\/product"}],"about":[{"href":"https:\/\/finewinegang.be\/fr\/wp-json\/wp\/v2\/types\/product"}],"version-history":[{"count":1,"href":"https:\/\/finewinegang.be\/fr\/wp-json\/wp\/v2\/product\/13657\/revisions"}],"predecessor-version":[{"id":14446,"href":"https:\/\/finewinegang.be\/fr\/wp-json\/wp\/v2\/product\/13657\/revisions\/14446"}],"acf:post":[{"embeddable":true,"href":"https:\/\/finewinegang.be\/fr\/wp-json\/wp\/v2\/producent\/13071"}],"wp:featuredmedia":[{"embeddable":true,"href":"https:\/\/finewinegang.be\/fr\/wp-json\/wp\/v2\/media\/13655"}],"wp:attachment":[{"href":"https:\/\/finewinegang.be\/fr\/wp-json\/wp\/v2\/media?parent=13657"}],"wp:term":[{"taxonomy":"product_brand","embeddable":true,"href":"https:\/\/finewinegang.be\/fr\/wp-json\/wp\/v2\/product_brand?post=13657"},{"taxonomy":"product_cat","embeddable":true,"href":"https:\/\/finewinegang.be\/fr\/wp-json\/wp\/v2\/product_cat?post=13657"},{"taxonomy":"product_tag","embeddable":true,"href":"https:\/\/finewinegang.be\/fr\/wp-json\/wp\/v2\/product_tag?post=13657"}],"curies":[{"name":"wp","href":"https:\/\/api.w.org\/{rel}","templated":true}]}}