{"id":13649,"date":"2024-05-23T11:08:10","date_gmt":"2024-05-23T09:08:10","guid":{"rendered":"https:\/\/finewinegang.be\/?post_type=product&#038;p=13649"},"modified":"2026-01-02T17:52:50","modified_gmt":"2026-01-02T16:52:50","slug":"abadia-retuerta-seleccion-especial-2017","status":"publish","type":"product","link":"https:\/\/finewinegang.be\/fr\/produit\/abadia-retuerta-seleccion-especial-2017\/","title":{"rendered":"Abadia Retuerta Selecci\u00f3n Especial 2017"},"content":{"rendered":"","protected":false},"excerpt":{"rendered":"<p>Appr\u00e9ciez l&rsquo;\u00e9l\u00e9gance de Abadia Retuerta Selecci\u00f3n Especial, un vin rouge espagnol de Sard\u00f3n de Duero qui capture l&rsquo;essence de Castilla y Le\u00f3n.<\/p>\n","protected":false},"featured_media":13647,"template":"","meta":{"_acf_changed":false,"subtitle":"","day_of_the_week":"Monday","starting_time":0,"location":"ANTWERP","other_location_name":"","other_location_street_number":"","other_location_zip":"","other_location_city":"","other_location_address_itinerary_link":"","other_location_email_to_keep_updated":""},"product_brand":[],"product_cat":[373,597,390],"product_tag":[],"class_list":{"0":"post-13649","1":"product","2":"type-product","3":"status-publish","4":"has-post-thumbnail","6":"product_cat-bouteilles","7":"product_cat-local-friday-2025","8":"product_cat-vin-rouge","9":"product_shipping_class-flessen-fr","11":"first","12":"instock","13":"taxable","14":"shipping-taxable","15":"purchasable","16":"product-type-simple"},"acf":{"jaargang":"2017","volume":75,"alcohol":14.5,"schenktemperatuur":"16\u00b0C - 20\u00b0C","Producent":[13078],"producent_search":"Abadia Retuerta","cuvee":"Selecci\u00f3n Especial","land":"Spanje","regio":"Sard\u00f3n de Duero","appellatie":"Vdt Castilla y Le\u00f3n","Kracht":5,"intensiteit":1,"Verouderingspotentieel":4,"smaakprofiel":["Complex","Fijn","Houtgelagerd"],"aromas":["Geroosterde Toetsen","Zoete Kruiden","Zwart Fruit"],"Auteur":"Stijn","quote":"Voici le dernier domaine espagnol \u00e0 avoir obtenu le statut de vino de Pago. Leurs vins sont raffin\u00e9s, sans une once de rusticit\u00e9, tout en \u00e9tant magnifiquement parfum\u00e9s. ","druif":["Cabernet Sauvignon","Merlot","Syrah","Tempranillo"],"awards":"","bio":false},"_links":{"self":[{"href":"https:\/\/finewinegang.be\/fr\/wp-json\/wp\/v2\/product\/13649","targetHints":{"allow":["GET"]}}],"collection":[{"href":"https:\/\/finewinegang.be\/fr\/wp-json\/wp\/v2\/product"}],"about":[{"href":"https:\/\/finewinegang.be\/fr\/wp-json\/wp\/v2\/types\/product"}],"version-history":[{"count":1,"href":"https:\/\/finewinegang.be\/fr\/wp-json\/wp\/v2\/product\/13649\/revisions"}],"predecessor-version":[{"id":14442,"href":"https:\/\/finewinegang.be\/fr\/wp-json\/wp\/v2\/product\/13649\/revisions\/14442"}],"acf:post":[{"embeddable":true,"href":"https:\/\/finewinegang.be\/fr\/wp-json\/wp\/v2\/producent\/13078"}],"wp:featuredmedia":[{"embeddable":true,"href":"https:\/\/finewinegang.be\/fr\/wp-json\/wp\/v2\/media\/13647"}],"wp:attachment":[{"href":"https:\/\/finewinegang.be\/fr\/wp-json\/wp\/v2\/media?parent=13649"}],"wp:term":[{"taxonomy":"product_brand","embeddable":true,"href":"https:\/\/finewinegang.be\/fr\/wp-json\/wp\/v2\/product_brand?post=13649"},{"taxonomy":"product_cat","embeddable":true,"href":"https:\/\/finewinegang.be\/fr\/wp-json\/wp\/v2\/product_cat?post=13649"},{"taxonomy":"product_tag","embeddable":true,"href":"https:\/\/finewinegang.be\/fr\/wp-json\/wp\/v2\/product_tag?post=13649"}],"curies":[{"name":"wp","href":"https:\/\/api.w.org\/{rel}","templated":true}]}}