{"id":13644,"date":"2024-05-23T11:08:10","date_gmt":"2024-05-23T09:08:10","guid":{"rendered":"https:\/\/finewinegang.be\/?post_type=product&#038;p=13644"},"modified":"2024-05-30T14:59:55","modified_gmt":"2024-05-30T12:59:55","slug":"cvne-rioja-reserva-imperial-2017","status":"publish","type":"product","link":"https:\/\/finewinegang.be\/fr\/produit\/cvne-rioja-reserva-imperial-2017\/","title":{"rendered":"CVNE Rioja Reserva Imperial 2017"},"content":{"rendered":"","protected":false},"excerpt":{"rendered":"<p>D\u00e9couvrez la saveur intemporelle de CVNE Rioja Reserva Imperial, un vin rouge espagnol de Rioja qui incarne la perfection de la r\u00e9gion.<\/p>\n","protected":false},"featured_media":14800,"template":"","meta":{"_acf_changed":false,"subtitle":"","day_of_the_week":"","starting_time":0,"location":"","other_location_name":"","other_location_street_number":"","other_location_zip":"","other_location_city":"","other_location_address_itinerary_link":"","other_location_email_to_keep_updated":""},"product_brand":[],"product_cat":[373,390],"product_tag":[],"class_list":{"0":"post-13644","1":"product","2":"type-product","3":"status-publish","4":"has-post-thumbnail","6":"product_cat-bouteilles","7":"product_cat-vin-rouge","8":"product_shipping_class-flessen-fr","10":"first","11":"outofstock","12":"taxable","13":"shipping-taxable","14":"purchasable","15":"product-type-simple"},"acf":{"jaargang":"2017","volume":75,"alcohol":14,"schenktemperatuur":"16\u00b0C - 20\u00b0C","Producent":[13085],"producent_search":"CVNE","cuvee":"Rioja Reserva Imperial","land":"Spanje","regio":"Rioja","appellatie":"Rioja","Kracht":3,"intensiteit":5,"Verouderingspotentieel":5,"smaakprofiel":["Exotisch","Houtgelagerd","Zijdezacht"],"aromas":["Eikenhouten Vaten","Kokosnoot","Zoete Kruiden"],"Auteur":"Antoine","quote":"Rien de fantaisiste ici, mais h\u00e9 ! voulez-vous toujours \u00eatre original ? Je ne pense pas... Parfois, vous avez besoin de confort et de qualit\u00e9 absolue et c'est ce qui caract\u00e9rise ce vin.....   ","druif":["Grenache \/ Garnacha","Graciano","Mazuelo","Tempranillo"],"awards":"","bio":false},"_links":{"self":[{"href":"https:\/\/finewinegang.be\/fr\/wp-json\/wp\/v2\/product\/13644","targetHints":{"allow":["GET"]}}],"collection":[{"href":"https:\/\/finewinegang.be\/fr\/wp-json\/wp\/v2\/product"}],"about":[{"href":"https:\/\/finewinegang.be\/fr\/wp-json\/wp\/v2\/types\/product"}],"version-history":[{"count":1,"href":"https:\/\/finewinegang.be\/fr\/wp-json\/wp\/v2\/product\/13644\/revisions"}],"predecessor-version":[{"id":14443,"href":"https:\/\/finewinegang.be\/fr\/wp-json\/wp\/v2\/product\/13644\/revisions\/14443"}],"acf:post":[{"embeddable":true,"href":"https:\/\/finewinegang.be\/fr\/wp-json\/wp\/v2\/producent\/13085"}],"wp:featuredmedia":[{"embeddable":true,"href":"https:\/\/finewinegang.be\/fr\/wp-json\/wp\/v2\/media\/14800"}],"wp:attachment":[{"href":"https:\/\/finewinegang.be\/fr\/wp-json\/wp\/v2\/media?parent=13644"}],"wp:term":[{"taxonomy":"product_brand","embeddable":true,"href":"https:\/\/finewinegang.be\/fr\/wp-json\/wp\/v2\/product_brand?post=13644"},{"taxonomy":"product_cat","embeddable":true,"href":"https:\/\/finewinegang.be\/fr\/wp-json\/wp\/v2\/product_cat?post=13644"},{"taxonomy":"product_tag","embeddable":true,"href":"https:\/\/finewinegang.be\/fr\/wp-json\/wp\/v2\/product_tag?post=13644"}],"curies":[{"name":"wp","href":"https:\/\/api.w.org\/{rel}","templated":true}]}}