{"id":13635,"date":"2024-05-23T11:08:09","date_gmt":"2024-05-23T09:08:09","guid":{"rendered":"https:\/\/finewinegang.be\/?post_type=product&#038;p=13635"},"modified":"2024-11-27T12:37:21","modified_gmt":"2024-11-27T11:37:21","slug":"berte-cordini-valmaga-2015","status":"publish","type":"product","link":"https:\/\/finewinegang.be\/fr\/produit\/berte-cordini-valmaga-2015\/","title":{"rendered":"Bert\u00e9 &amp; Cordini Valmaga 2015"},"content":{"rendered":"","protected":false},"excerpt":{"rendered":"<p>D\u00e9couvrez la finesse de Bert\u00e9 &amp; Cordini Valmaga, un vin rouge de Lombardie qui refl\u00e8te l&rsquo;\u00e9l\u00e9gance de l&rsquo;Oltrep\u00f2 Pavese DOC<\/p>\n","protected":false},"featured_media":13633,"template":"","meta":{"_acf_changed":false,"subtitle":"","day_of_the_week":"","starting_time":0,"location":"","other_location_name":"","other_location_street_number":"","other_location_zip":"","other_location_city":"","other_location_address_itinerary_link":"","other_location_email_to_keep_updated":""},"product_brand":[],"product_cat":[373,390],"product_tag":[],"class_list":{"0":"post-13635","1":"product","2":"type-product","3":"status-publish","4":"has-post-thumbnail","6":"product_cat-bouteilles","7":"product_cat-vin-rouge","8":"product_shipping_class-flessen-fr","10":"first","11":"outofstock","12":"taxable","13":"shipping-taxable","14":"purchasable","15":"product-type-simple"},"acf":{"jaargang":"2015","volume":75,"alcohol":14,"schenktemperatuur":"14\u00b0C - 16\u00b0C","Producent":[13056],"producent_search":"Bert\u00e9 & Cordini","cuvee":"Valmaga","land":"Itali\u00eb","regio":"Lombardie","appellatie":"Oltrep\u00f2 Pavese DOC","Kracht":3,"intensiteit":3,"Verouderingspotentieel":3,"smaakprofiel":["Krachtig","Pittig","Stevig"],"aromas":["Leder","Munt","Zwart Fruit"],"Auteur":"Stijn","quote":"Il se marie avec tout ce qui est italien : p\u00e2tes, pizzas, viandes grill\u00e9es, mijot\u00e9es ou m\u00eame brais\u00e9es... Le 4X4 des vins ;-) De 4x4 van de wijn. ","druif":["Barbera","Croatina"],"awards":"","bio":false},"_links":{"self":[{"href":"https:\/\/finewinegang.be\/fr\/wp-json\/wp\/v2\/product\/13635","targetHints":{"allow":["GET"]}}],"collection":[{"href":"https:\/\/finewinegang.be\/fr\/wp-json\/wp\/v2\/product"}],"about":[{"href":"https:\/\/finewinegang.be\/fr\/wp-json\/wp\/v2\/types\/product"}],"version-history":[{"count":1,"href":"https:\/\/finewinegang.be\/fr\/wp-json\/wp\/v2\/product\/13635\/revisions"}],"predecessor-version":[{"id":14448,"href":"https:\/\/finewinegang.be\/fr\/wp-json\/wp\/v2\/product\/13635\/revisions\/14448"}],"acf:post":[{"embeddable":true,"href":"https:\/\/finewinegang.be\/fr\/wp-json\/wp\/v2\/producent\/13056"}],"wp:featuredmedia":[{"embeddable":true,"href":"https:\/\/finewinegang.be\/fr\/wp-json\/wp\/v2\/media\/13633"}],"wp:attachment":[{"href":"https:\/\/finewinegang.be\/fr\/wp-json\/wp\/v2\/media?parent=13635"}],"wp:term":[{"taxonomy":"product_brand","embeddable":true,"href":"https:\/\/finewinegang.be\/fr\/wp-json\/wp\/v2\/product_brand?post=13635"},{"taxonomy":"product_cat","embeddable":true,"href":"https:\/\/finewinegang.be\/fr\/wp-json\/wp\/v2\/product_cat?post=13635"},{"taxonomy":"product_tag","embeddable":true,"href":"https:\/\/finewinegang.be\/fr\/wp-json\/wp\/v2\/product_tag?post=13635"}],"curies":[{"name":"wp","href":"https:\/\/api.w.org\/{rel}","templated":true}]}}