{"id":13625,"date":"2024-05-23T11:08:10","date_gmt":"2024-05-23T09:08:10","guid":{"rendered":"https:\/\/finewinegang.be\/?post_type=product&#038;p=13625"},"modified":"2025-09-16T12:02:27","modified_gmt":"2025-09-16T10:02:27","slug":"gratavinum-2%cf%80r-2021","status":"publish","type":"product","link":"https:\/\/finewinegang.be\/fr\/produit\/gratavinum-2%cf%80r-2021\/","title":{"rendered":"Gratavinum 2\u03c0r 2021"},"content":{"rendered":"","protected":false},"excerpt":{"rendered":"<p>Explorez la profondeur de Gratavinum 2\u03c0r, un vin rouge espagnol de Catalogne qui incarne la perfection de la r\u00e9gion du Priorat.<\/p>\n","protected":false},"featured_media":13623,"template":"","meta":{"_acf_changed":false,"subtitle":"","day_of_the_week":"","starting_time":0,"location":"","other_location_name":"","other_location_street_number":"","other_location_zip":"","other_location_city":"","other_location_address_itinerary_link":"","other_location_email_to_keep_updated":""},"product_brand":[],"product_cat":[373,390],"product_tag":[611,586],"class_list":{"0":"post-13625","1":"product","2":"type-product","3":"status-publish","4":"has-post-thumbnail","6":"product_cat-bouteilles","7":"product_cat-vin-rouge","8":"product_tag-gold-tasting","9":"product_tag-gratavinum-fr","10":"product_shipping_class-flessen-fr","12":"first","13":"instock","14":"taxable","15":"shipping-taxable","16":"purchasable","17":"product-type-simple"},"acf":{"jaargang":"2021","volume":75,"alcohol":14,"schenktemperatuur":"16\u00b0C - 18\u00b0C","Producent":[13127],"producent_search":"Gratavinum","cuvee":"2\u03c0r","land":"Spanje","regio":"Catalogna","appellatie":"Priorat","Kracht":5,"intensiteit":1,"Verouderingspotentieel":4,"smaakprofiel":["Geconcentreerd","Krachtig","Mineraal"],"aromas":["Bramen","Gerookt Spek"],"Auteur":"Antoine","quote":"Un priorat s\u00e9rieux, fond\u00e9 sur une forte proportion de garnacha, relev\u00e9 d'une pointe de carignan. concentr\u00e9, velout\u00e9 avec un soup\u00e7on de fum\u00e9. ","druif":["Carignan","Grenache \/ Garnacha","Syrah"],"awards":"","bio":false},"_links":{"self":[{"href":"https:\/\/finewinegang.be\/fr\/wp-json\/wp\/v2\/product\/13625","targetHints":{"allow":["GET"]}}],"collection":[{"href":"https:\/\/finewinegang.be\/fr\/wp-json\/wp\/v2\/product"}],"about":[{"href":"https:\/\/finewinegang.be\/fr\/wp-json\/wp\/v2\/types\/product"}],"version-history":[{"count":1,"href":"https:\/\/finewinegang.be\/fr\/wp-json\/wp\/v2\/product\/13625\/revisions"}],"predecessor-version":[{"id":14445,"href":"https:\/\/finewinegang.be\/fr\/wp-json\/wp\/v2\/product\/13625\/revisions\/14445"}],"acf:post":[{"embeddable":true,"href":"https:\/\/finewinegang.be\/fr\/wp-json\/wp\/v2\/producent\/13127"}],"wp:featuredmedia":[{"embeddable":true,"href":"https:\/\/finewinegang.be\/fr\/wp-json\/wp\/v2\/media\/13623"}],"wp:attachment":[{"href":"https:\/\/finewinegang.be\/fr\/wp-json\/wp\/v2\/media?parent=13625"}],"wp:term":[{"taxonomy":"product_brand","embeddable":true,"href":"https:\/\/finewinegang.be\/fr\/wp-json\/wp\/v2\/product_brand?post=13625"},{"taxonomy":"product_cat","embeddable":true,"href":"https:\/\/finewinegang.be\/fr\/wp-json\/wp\/v2\/product_cat?post=13625"},{"taxonomy":"product_tag","embeddable":true,"href":"https:\/\/finewinegang.be\/fr\/wp-json\/wp\/v2\/product_tag?post=13625"}],"curies":[{"name":"wp","href":"https:\/\/api.w.org\/{rel}","templated":true}]}}