{"id":13620,"date":"2024-05-28T22:09:08","date_gmt":"2024-05-28T20:09:08","guid":{"rendered":"https:\/\/finewinegang.be\/?post_type=product&#038;p=13620"},"modified":"2024-05-30T14:55:43","modified_gmt":"2024-05-30T12:55:43","slug":"raices-ibericas-raices-i-2017","status":"publish","type":"product","link":"https:\/\/finewinegang.be\/fr\/produit\/raices-ibericas-raices-i-2017\/","title":{"rendered":"Ra\u00edces Ib\u00e9ricas Raices I 2017"},"content":{"rendered":"","protected":false},"excerpt":{"rendered":"<p>D\u00e9couvrez l&rsquo;essence de Ra\u00edces Ib\u00e9ricas Raices I, un vin rouge espagnol qui repr\u00e9sente la diversit\u00e9 et la profondeur de la culture viticole espagnole.<\/p>\n","protected":false},"featured_media":13616,"template":"","meta":{"_acf_changed":false,"subtitle":"","day_of_the_week":"","starting_time":0,"location":"","other_location_name":"","other_location_street_number":"","other_location_zip":"","other_location_city":"","other_location_address_itinerary_link":"","other_location_email_to_keep_updated":""},"product_brand":[],"product_cat":[373,390],"product_tag":[517],"class_list":{"0":"post-13620","1":"product","2":"type-product","3":"status-publish","4":"has-post-thumbnail","6":"product_cat-bouteilles","7":"product_cat-vin-rouge","8":"product_tag-raices-ibericas-fr","9":"product_shipping_class-flessen-fr","11":"first","12":"instock","13":"taxable","14":"shipping-taxable","15":"purchasable","16":"product-type-simple"},"acf":{"jaargang":"2017","volume":75,"alcohol":14,"schenktemperatuur":"16\u00b0C - 20\u00b0C","Producent":[13077],"producent_search":"Ra\u00edces Ib\u00e9ricas","cuvee":"Raices I","land":"Spanje","regio":"Espa\u00f1a","appellatie":"Vino Tinto de Espa\u00f1a","Kracht":5,"intensiteit":1,"Verouderingspotentieel":3,"smaakprofiel":["Intens","Krachtig","Rustiek"],"aromas":["Getoast","Zoethout","Zwart Fruit"],"Auteur":"Stijn","quote":"Mec ! C'est du s\u00e9rieux ! riche en fruits fabuleux, ch\u00eane bien int\u00e9gr\u00e9, grande bouche et grande persistance, c'est pas pour les faibles !  ","druif":["Bobal","Grenache \/ Garnacha","Graciano","Mazuelo","Mencia","Tintorera"],"awards":"","bio":false},"_links":{"self":[{"href":"https:\/\/finewinegang.be\/fr\/wp-json\/wp\/v2\/product\/13620","targetHints":{"allow":["GET"]}}],"collection":[{"href":"https:\/\/finewinegang.be\/fr\/wp-json\/wp\/v2\/product"}],"about":[{"href":"https:\/\/finewinegang.be\/fr\/wp-json\/wp\/v2\/types\/product"}],"version-history":[{"count":1,"href":"https:\/\/finewinegang.be\/fr\/wp-json\/wp\/v2\/product\/13620\/revisions"}],"predecessor-version":[{"id":13621,"href":"https:\/\/finewinegang.be\/fr\/wp-json\/wp\/v2\/product\/13620\/revisions\/13621"}],"acf:post":[{"embeddable":true,"href":"https:\/\/finewinegang.be\/fr\/wp-json\/wp\/v2\/producent\/13077"}],"wp:featuredmedia":[{"embeddable":true,"href":"https:\/\/finewinegang.be\/fr\/wp-json\/wp\/v2\/media\/13616"}],"wp:attachment":[{"href":"https:\/\/finewinegang.be\/fr\/wp-json\/wp\/v2\/media?parent=13620"}],"wp:term":[{"taxonomy":"product_brand","embeddable":true,"href":"https:\/\/finewinegang.be\/fr\/wp-json\/wp\/v2\/product_brand?post=13620"},{"taxonomy":"product_cat","embeddable":true,"href":"https:\/\/finewinegang.be\/fr\/wp-json\/wp\/v2\/product_cat?post=13620"},{"taxonomy":"product_tag","embeddable":true,"href":"https:\/\/finewinegang.be\/fr\/wp-json\/wp\/v2\/product_tag?post=13620"}],"curies":[{"name":"wp","href":"https:\/\/api.w.org\/{rel}","templated":true}]}}