{"id":13614,"date":"2024-05-23T11:08:11","date_gmt":"2024-05-23T09:08:11","guid":{"rendered":"https:\/\/finewinegang.be\/?post_type=product&#038;p=13614"},"modified":"2026-02-02T09:38:02","modified_gmt":"2026-02-02T08:38:02","slug":"quinta-dos-carvalhais-touriga-nacional-2019","status":"publish","type":"product","link":"https:\/\/finewinegang.be\/fr\/produit\/quinta-dos-carvalhais-touriga-nacional-2019\/","title":{"rendered":"Quinta dos Carvalhais Touriga Nacional 2019"},"content":{"rendered":"","protected":false},"excerpt":{"rendered":"<p>D\u00e9couvrez la puissance et la finesse de Quinta dos Carvalhais Touriga Nacional, un vin rouge portugais de Dao qui refl\u00e8te les caract\u00e9ristiques de la r\u00e9gion.<\/p>\n","protected":false},"featured_media":13612,"template":"","meta":{"_acf_changed":false,"subtitle":"","day_of_the_week":"Monday","starting_time":0,"location":"ANTWERP","other_location_name":"","other_location_street_number":"","other_location_zip":"","other_location_city":"","other_location_address_itinerary_link":"","other_location_email_to_keep_updated":""},"product_brand":[],"product_cat":[373,597,390],"product_tag":[558],"class_list":{"0":"post-13614","1":"product","2":"type-product","3":"status-publish","4":"has-post-thumbnail","6":"product_cat-bouteilles","7":"product_cat-local-friday-2025","8":"product_cat-vin-rouge","9":"product_tag-quinta-dos-carvalhais-fr","10":"product_shipping_class-flessen-fr","12":"first","13":"instock","14":"taxable","15":"shipping-taxable","16":"purchasable","17":"product-type-simple"},"acf":{"jaargang":"2019","volume":75,"alcohol":13.5,"schenktemperatuur":"16\u00b0C - 18\u00b0C","Producent":[13097],"producent_search":"Quinta dos Carvalhais","cuvee":"Touriga Nacional","land":"Portugal","regio":"Dao","appellatie":"Dao","Kracht":3,"intensiteit":4,"Verouderingspotentieel":3,"smaakprofiel":["Compact","Evenwichtig","Kruidig"],"aromas":["Vegetaal","Zoete Kruiden","Zwart Fruit"],"Auteur":"Stijn","quote":"En sachant que ce c\u00e9page \u00e9tait proche de dispara\u00eetre r\u00e9cemment, le plaisir de le voir si bon aujourd'hui est encore plus grand. C'est comme retrouver un vieil ami que l'on n'a pas vu depuis tr\u00e8s longtemps...  ","druif":["Touriga Nacional"],"awards":"","bio":false},"_links":{"self":[{"href":"https:\/\/finewinegang.be\/fr\/wp-json\/wp\/v2\/product\/13614","targetHints":{"allow":["GET"]}}],"collection":[{"href":"https:\/\/finewinegang.be\/fr\/wp-json\/wp\/v2\/product"}],"about":[{"href":"https:\/\/finewinegang.be\/fr\/wp-json\/wp\/v2\/types\/product"}],"version-history":[{"count":1,"href":"https:\/\/finewinegang.be\/fr\/wp-json\/wp\/v2\/product\/13614\/revisions"}],"predecessor-version":[{"id":14441,"href":"https:\/\/finewinegang.be\/fr\/wp-json\/wp\/v2\/product\/13614\/revisions\/14441"}],"acf:post":[{"embeddable":true,"href":"https:\/\/finewinegang.be\/fr\/wp-json\/wp\/v2\/producent\/13097"}],"wp:featuredmedia":[{"embeddable":true,"href":"https:\/\/finewinegang.be\/fr\/wp-json\/wp\/v2\/media\/13612"}],"wp:attachment":[{"href":"https:\/\/finewinegang.be\/fr\/wp-json\/wp\/v2\/media?parent=13614"}],"wp:term":[{"taxonomy":"product_brand","embeddable":true,"href":"https:\/\/finewinegang.be\/fr\/wp-json\/wp\/v2\/product_brand?post=13614"},{"taxonomy":"product_cat","embeddable":true,"href":"https:\/\/finewinegang.be\/fr\/wp-json\/wp\/v2\/product_cat?post=13614"},{"taxonomy":"product_tag","embeddable":true,"href":"https:\/\/finewinegang.be\/fr\/wp-json\/wp\/v2\/product_tag?post=13614"}],"curies":[{"name":"wp","href":"https:\/\/api.w.org\/{rel}","templated":true}]}}