{"id":13610,"date":"2024-05-23T11:08:11","date_gmt":"2024-05-23T09:08:11","guid":{"rendered":"https:\/\/finewinegang.be\/?post_type=product&#038;p=13610"},"modified":"2025-04-03T22:07:11","modified_gmt":"2025-04-03T20:07:11","slug":"huber-pinot-noir-rosenweg-2021","status":"publish","type":"product","link":"https:\/\/finewinegang.be\/fr\/produit\/huber-pinot-noir-rosenweg-2021\/","title":{"rendered":"Huber Pinot Noir &lsquo;Rosenweg&rsquo; 2021"},"content":{"rendered":"","protected":false},"excerpt":{"rendered":"<p>D\u00e9couvrez l&rsquo;\u00e9l\u00e9gance du Huber Pinot Noir &lsquo;Rosenweg&rsquo;, un vin rouge autrichien de Nieder\u00f6sterreich qui allie finesse et caract\u00e8re.<\/p>\n","protected":false},"featured_media":13608,"template":"","meta":{"_acf_changed":false,"subtitle":"","day_of_the_week":"","starting_time":0,"location":"","other_location_name":"","other_location_street_number":"","other_location_zip":"","other_location_city":"","other_location_address_itinerary_link":"","other_location_email_to_keep_updated":""},"product_brand":[],"product_cat":[373,390],"product_tag":[574],"class_list":{"0":"post-13610","1":"product","2":"type-product","3":"status-publish","4":"has-post-thumbnail","6":"product_cat-bouteilles","7":"product_cat-vin-rouge","8":"product_tag-huber-fr","9":"product_shipping_class-flessen-fr","11":"first","12":"outofstock","13":"taxable","14":"shipping-taxable","15":"purchasable","16":"product-type-simple"},"acf":{"jaargang":"2021","volume":75,"alcohol":13,"schenktemperatuur":"12\u00b0C - 15\u00b0C","Producent":[13131],"producent_search":"Huber","cuvee":"Pinot Noir 'Rosenweg'","land":"Oostenrijk","regio":"Nieder\u00f6sterreich","appellatie":"Qualit\u00e4tswein Nieder\u00f6sterreich","Kracht":2,"intensiteit":3,"Verouderingspotentieel":2,"smaakprofiel":["Delicaat","Licht","Smaakvol"],"aromas":["Bloemig","Rood Fruit","Veenbessen"],"Auteur":"Antoine","quote":"Un Pinot noir si riche pour ce prix, ce serait un crime de ne pas l'essayer au moins une fois. Je suis s\u00fbr que vous en deviendriez dingue.  ","druif":["Pinot Noir \/ Pinot Nero"],"awards":"","bio":false},"_links":{"self":[{"href":"https:\/\/finewinegang.be\/fr\/wp-json\/wp\/v2\/product\/13610","targetHints":{"allow":["GET"]}}],"collection":[{"href":"https:\/\/finewinegang.be\/fr\/wp-json\/wp\/v2\/product"}],"about":[{"href":"https:\/\/finewinegang.be\/fr\/wp-json\/wp\/v2\/types\/product"}],"version-history":[{"count":1,"href":"https:\/\/finewinegang.be\/fr\/wp-json\/wp\/v2\/product\/13610\/revisions"}],"predecessor-version":[{"id":14440,"href":"https:\/\/finewinegang.be\/fr\/wp-json\/wp\/v2\/product\/13610\/revisions\/14440"}],"acf:post":[{"embeddable":true,"href":"https:\/\/finewinegang.be\/fr\/wp-json\/wp\/v2\/producent\/13131"}],"wp:featuredmedia":[{"embeddable":true,"href":"https:\/\/finewinegang.be\/fr\/wp-json\/wp\/v2\/media\/13608"}],"wp:attachment":[{"href":"https:\/\/finewinegang.be\/fr\/wp-json\/wp\/v2\/media?parent=13610"}],"wp:term":[{"taxonomy":"product_brand","embeddable":true,"href":"https:\/\/finewinegang.be\/fr\/wp-json\/wp\/v2\/product_brand?post=13610"},{"taxonomy":"product_cat","embeddable":true,"href":"https:\/\/finewinegang.be\/fr\/wp-json\/wp\/v2\/product_cat?post=13610"},{"taxonomy":"product_tag","embeddable":true,"href":"https:\/\/finewinegang.be\/fr\/wp-json\/wp\/v2\/product_tag?post=13610"}],"curies":[{"name":"wp","href":"https:\/\/api.w.org\/{rel}","templated":true}]}}