{"id":13599,"date":"2024-05-23T11:08:15","date_gmt":"2024-05-23T09:08:15","guid":{"rendered":"https:\/\/finewinegang.be\/?post_type=product&#038;p=13599"},"modified":"2025-12-26T16:28:22","modified_gmt":"2025-12-26T15:28:22","slug":"yalumba-the-signature-2016","status":"publish","type":"product","link":"https:\/\/finewinegang.be\/fr\/produit\/yalumba-the-signature-2016\/","title":{"rendered":"Yalumba The Signature 2016"},"content":{"rendered":"","protected":false},"excerpt":{"rendered":"<p>Yalumba The Signature de Barossa offre des couches complexes de fruits noirs et des notes \u00e9pic\u00e9es pour une exp\u00e9rience m\u00e9morable.<\/p>\n","protected":false},"featured_media":14002,"template":"","meta":{"_acf_changed":false,"subtitle":"","day_of_the_week":"","starting_time":0,"location":"","other_location_name":"","other_location_street_number":"","other_location_zip":"","other_location_city":"","other_location_address_itinerary_link":"","other_location_email_to_keep_updated":""},"product_brand":[],"product_cat":[373,390],"product_tag":[570],"class_list":{"0":"post-13599","1":"product","2":"type-product","3":"status-publish","4":"has-post-thumbnail","6":"product_cat-bouteilles","7":"product_cat-vin-rouge","8":"product_tag-yalumba-fr","9":"product_shipping_class-flessen-fr","11":"first","12":"instock","13":"taxable","14":"shipping-taxable","15":"purchasable","16":"product-type-simple"},"acf":{"jaargang":"2016","volume":75,"alcohol":14,"schenktemperatuur":"16\u00b0C - 18\u00b0C","Producent":[13119],"producent_search":"Yalumba","cuvee":"The Signature","land":"Australi\u00eb","regio":"South Australia","appellatie":"Barossa","Kracht":4,"intensiteit":4,"Verouderingspotentieel":4,"smaakprofiel":["Compact","Complex","Krachtig"],"aromas":["Bramen","Ceder","Nootmuskaat"],"Auteur":"Antoine","quote":"En tant qu'amateur de grands classiques du monde, vous ne pouvez pas passer \u00e0 c\u00f4t\u00e9 de ce grand vin de Yalumba. Il a tout ce qu'un \u00e9picurien demande....et m\u00eame un peu plus !","druif":["Cabernet Sauvignon"],"awards":"","bio":false},"_links":{"self":[{"href":"https:\/\/finewinegang.be\/fr\/wp-json\/wp\/v2\/product\/13599","targetHints":{"allow":["GET"]}}],"collection":[{"href":"https:\/\/finewinegang.be\/fr\/wp-json\/wp\/v2\/product"}],"about":[{"href":"https:\/\/finewinegang.be\/fr\/wp-json\/wp\/v2\/types\/product"}],"version-history":[{"count":1,"href":"https:\/\/finewinegang.be\/fr\/wp-json\/wp\/v2\/product\/13599\/revisions"}],"predecessor-version":[{"id":14434,"href":"https:\/\/finewinegang.be\/fr\/wp-json\/wp\/v2\/product\/13599\/revisions\/14434"}],"acf:post":[{"embeddable":true,"href":"https:\/\/finewinegang.be\/fr\/wp-json\/wp\/v2\/producent\/13119"}],"wp:featuredmedia":[{"embeddable":true,"href":"https:\/\/finewinegang.be\/fr\/wp-json\/wp\/v2\/media\/14002"}],"wp:attachment":[{"href":"https:\/\/finewinegang.be\/fr\/wp-json\/wp\/v2\/media?parent=13599"}],"wp:term":[{"taxonomy":"product_brand","embeddable":true,"href":"https:\/\/finewinegang.be\/fr\/wp-json\/wp\/v2\/product_brand?post=13599"},{"taxonomy":"product_cat","embeddable":true,"href":"https:\/\/finewinegang.be\/fr\/wp-json\/wp\/v2\/product_cat?post=13599"},{"taxonomy":"product_tag","embeddable":true,"href":"https:\/\/finewinegang.be\/fr\/wp-json\/wp\/v2\/product_tag?post=13599"}],"curies":[{"name":"wp","href":"https:\/\/api.w.org\/{rel}","templated":true}]}}