{"id":13597,"date":"2024-05-23T11:08:15","date_gmt":"2024-05-23T09:08:15","guid":{"rendered":"https:\/\/finewinegang.be\/?post_type=product&#038;p=13597"},"modified":"2025-11-17T15:35:27","modified_gmt":"2025-11-17T14:35:27","slug":"yalumba-bush-vine-grenache-2018","status":"publish","type":"product","link":"https:\/\/finewinegang.be\/fr\/produit\/yalumba-bush-vine-grenache-2018\/","title":{"rendered":"Yalumba Bush Vine Grenache 2018"},"content":{"rendered":"","protected":false},"excerpt":{"rendered":"<p>Explorez les saveurs uniques de Yalumba Bush Vine Grenache, un vin rouge australien avec des notes vibrantes de fruits rouges et une finale \u00e9l\u00e9gante.<\/p>\n","protected":false},"featured_media":18936,"template":"","meta":{"_acf_changed":false,"subtitle":"","day_of_the_week":"Monday","starting_time":0,"location":"ANTWERP","other_location_name":"","other_location_street_number":"","other_location_zip":"","other_location_city":"","other_location_address_itinerary_link":"","other_location_email_to_keep_updated":""},"product_brand":[],"product_cat":[373,597,390],"product_tag":[611,570],"class_list":{"0":"post-13597","1":"product","2":"type-product","3":"status-publish","4":"has-post-thumbnail","6":"product_cat-bouteilles","7":"product_cat-local-friday-2025","8":"product_cat-vin-rouge","9":"product_tag-gold-tasting","10":"product_tag-yalumba-fr","11":"product_shipping_class-flessen-fr","13":"first","14":"instock","15":"taxable","16":"shipping-taxable","17":"purchasable","18":"product-type-simple"},"acf":{"jaargang":"2018","volume":75,"alcohol":14,"schenktemperatuur":"16\u00b0C - 18\u00b0C","Producent":[13119],"producent_search":"Yalumba","cuvee":"Bush Vine Grenache","land":"Australi\u00eb","regio":"South Australia","appellatie":"Barossa","Kracht":3,"intensiteit":4,"Verouderingspotentieel":2,"smaakprofiel":["Intens","Pittig","Sensueel"],"aromas":["Aardbei","Kruidnagel","Rozemarijn"],"Auteur":"Antoine","quote":"Seuls les meilleurs vieux grenaches de la vall\u00e9e de Barossa, connue dans le monde entier, sont utilis\u00e9s pour \u00e9laborer ce joyau. D'une intensit\u00e9 typiquement australienne, ce vin est d'une \u00e9l\u00e9gance brillante !","druif":["Grenache \/ Garnacha"],"awards":"","bio":false},"_links":{"self":[{"href":"https:\/\/finewinegang.be\/fr\/wp-json\/wp\/v2\/product\/13597","targetHints":{"allow":["GET"]}}],"collection":[{"href":"https:\/\/finewinegang.be\/fr\/wp-json\/wp\/v2\/product"}],"about":[{"href":"https:\/\/finewinegang.be\/fr\/wp-json\/wp\/v2\/types\/product"}],"version-history":[{"count":2,"href":"https:\/\/finewinegang.be\/fr\/wp-json\/wp\/v2\/product\/13597\/revisions"}],"predecessor-version":[{"id":24011,"href":"https:\/\/finewinegang.be\/fr\/wp-json\/wp\/v2\/product\/13597\/revisions\/24011"}],"acf:post":[{"embeddable":true,"href":"https:\/\/finewinegang.be\/fr\/wp-json\/wp\/v2\/producent\/13119"}],"wp:featuredmedia":[{"embeddable":true,"href":"https:\/\/finewinegang.be\/fr\/wp-json\/wp\/v2\/media\/18936"}],"wp:attachment":[{"href":"https:\/\/finewinegang.be\/fr\/wp-json\/wp\/v2\/media?parent=13597"}],"wp:term":[{"taxonomy":"product_brand","embeddable":true,"href":"https:\/\/finewinegang.be\/fr\/wp-json\/wp\/v2\/product_brand?post=13597"},{"taxonomy":"product_cat","embeddable":true,"href":"https:\/\/finewinegang.be\/fr\/wp-json\/wp\/v2\/product_cat?post=13597"},{"taxonomy":"product_tag","embeddable":true,"href":"https:\/\/finewinegang.be\/fr\/wp-json\/wp\/v2\/product_tag?post=13597"}],"curies":[{"name":"wp","href":"https:\/\/api.w.org\/{rel}","templated":true}]}}