{"id":13591,"date":"2024-05-23T11:08:15","date_gmt":"2024-05-23T09:08:15","guid":{"rendered":"https:\/\/finewinegang.be\/?post_type=product&#038;p=13591"},"modified":"2024-05-30T14:58:35","modified_gmt":"2024-05-30T12:58:35","slug":"vinultra-insight-pinot-noir-2020","status":"publish","type":"product","link":"https:\/\/finewinegang.be\/fr\/produit\/vinultra-insight-pinot-noir-2020\/","title":{"rendered":"Vinultra Insight Pinot noir 2020"},"content":{"rendered":"","protected":false},"excerpt":{"rendered":"<p>D\u00e9couvrez la finesse du Vinultra Insight Pinot noir, un vin rouge n\u00e9o-z\u00e9landais avec une texture soyeuse et des ar\u00f4mes s\u00e9duisants de fruits rouges.<\/p>\n","protected":false},"featured_media":13651,"template":"","meta":{"_acf_changed":false,"subtitle":"","day_of_the_week":"","starting_time":0,"location":"","other_location_name":"","other_location_street_number":"","other_location_zip":"","other_location_city":"","other_location_address_itinerary_link":"","other_location_email_to_keep_updated":""},"product_brand":[],"product_cat":[373,390],"product_tag":[516],"class_list":{"0":"post-13591","1":"product","2":"type-product","3":"status-publish","4":"has-post-thumbnail","6":"product_cat-bouteilles","7":"product_cat-vin-rouge","8":"product_tag-vinultra-fr","9":"product_shipping_class-flessen-fr","11":"first","12":"instock","13":"taxable","14":"shipping-taxable","15":"purchasable","16":"product-type-simple"},"acf":{"jaargang":"2020","volume":75,"alcohol":13.5,"schenktemperatuur":"12\u00b0C - 15\u00b0C","Producent":[13113],"producent_search":"Vinultra","cuvee":"Insight Pinot noir","land":"Nieuw Zeeland","regio":"Marlborough","appellatie":"Marlborough","Kracht":2,"intensiteit":4,"Verouderingspotentieel":2,"smaakprofiel":["Zijdezacht","aards","Rokerig"],"aromas":["Houtaccenten","Kersen","Rood Fruit"],"Auteur":"Stijn","quote":"La combinaison du soleil, d'un climat frais et d'une exposition parfaite font de ce vin l'un des plus grands classiques au monde. \u00c0 la fois concentr\u00e9 et rafra\u00eechissant, il se compose de paliers de saveurs fruit\u00e9es croquantes, soutenus par une texture soyeuse en bouche. ","druif":["Pinot Noir \/ Pinot Nero"],"awards":"","bio":false},"_links":{"self":[{"href":"https:\/\/finewinegang.be\/fr\/wp-json\/wp\/v2\/product\/13591","targetHints":{"allow":["GET"]}}],"collection":[{"href":"https:\/\/finewinegang.be\/fr\/wp-json\/wp\/v2\/product"}],"about":[{"href":"https:\/\/finewinegang.be\/fr\/wp-json\/wp\/v2\/types\/product"}],"version-history":[{"count":1,"href":"https:\/\/finewinegang.be\/fr\/wp-json\/wp\/v2\/product\/13591\/revisions"}],"predecessor-version":[{"id":14431,"href":"https:\/\/finewinegang.be\/fr\/wp-json\/wp\/v2\/product\/13591\/revisions\/14431"}],"acf:post":[{"embeddable":true,"href":"https:\/\/finewinegang.be\/fr\/wp-json\/wp\/v2\/producent\/13113"}],"wp:featuredmedia":[{"embeddable":true,"href":"https:\/\/finewinegang.be\/fr\/wp-json\/wp\/v2\/media\/13651"}],"wp:attachment":[{"href":"https:\/\/finewinegang.be\/fr\/wp-json\/wp\/v2\/media?parent=13591"}],"wp:term":[{"taxonomy":"product_brand","embeddable":true,"href":"https:\/\/finewinegang.be\/fr\/wp-json\/wp\/v2\/product_brand?post=13591"},{"taxonomy":"product_cat","embeddable":true,"href":"https:\/\/finewinegang.be\/fr\/wp-json\/wp\/v2\/product_cat?post=13591"},{"taxonomy":"product_tag","embeddable":true,"href":"https:\/\/finewinegang.be\/fr\/wp-json\/wp\/v2\/product_tag?post=13591"}],"curies":[{"name":"wp","href":"https:\/\/api.w.org\/{rel}","templated":true}]}}