{"id":13584,"date":"2024-05-23T11:08:15","date_gmt":"2024-05-23T09:08:15","guid":{"rendered":"https:\/\/finewinegang.be\/?post_type=product&#038;p=13584"},"modified":"2025-11-29T16:20:01","modified_gmt":"2025-11-29T15:20:01","slug":"marimar-estate-la-masia-pinot-noir-don-miguel-vineyard-2019","status":"publish","type":"product","link":"https:\/\/finewinegang.be\/fr\/produit\/marimar-estate-la-masia-pinot-noir-don-miguel-vineyard-2019\/","title":{"rendered":"Marimar Estate La Masia Pinot Noir &lsquo;Don Miguel Vineyard&rsquo; 2019"},"content":{"rendered":"","protected":false},"excerpt":{"rendered":"<p>Appr\u00e9ciez l&rsquo;\u00e9l\u00e9gance californienne de Marimar Estate La Masia &lsquo;Don Miguel Vineyard&rsquo;, un vin rouge avec un ar\u00f4me riche et une saveur velout\u00e9e.<\/p>\n","protected":false},"featured_media":13582,"template":"","meta":{"_acf_changed":false,"subtitle":"","day_of_the_week":"","starting_time":0,"location":"","other_location_name":"","other_location_street_number":"","other_location_zip":"","other_location_city":"","other_location_address_itinerary_link":"","other_location_email_to_keep_updated":""},"product_brand":[],"product_cat":[373,390],"product_tag":[546],"class_list":{"0":"post-13584","1":"product","2":"type-product","3":"status-publish","4":"has-post-thumbnail","6":"product_cat-bouteilles","7":"product_cat-vin-rouge","8":"product_tag-marimar-estate-fr","9":"product_shipping_class-flessen-fr","11":"first","12":"instock","13":"taxable","14":"shipping-taxable","15":"purchasable","16":"product-type-simple"},"acf":{"jaargang":"2019","volume":75,"alcohol":13.5,"schenktemperatuur":"14\u00b0C - 16\u00b0C","Producent":[13109],"producent_search":"Marimar Estate","cuvee":"La Masia 'Don Miguel Vineyard'","land":"Verenigde Staten","regio":"California","appellatie":"AVA Russian River Valley","Kracht":3,"intensiteit":3,"Verouderingspotentieel":3,"smaakprofiel":["Complex","Evenwichtig","Groots"],"aromas":["Kruidig","Rood Fruit","Zwart Fruit"],"Auteur":"Stijn","quote":"Le pinot noir am\u00e9ricain par excellence, avec tout ce qu'il faut o\u00f9 il faut !","druif":["Pinot Noir \/ Pinot Nero"],"awards":"","bio":false},"_links":{"self":[{"href":"https:\/\/finewinegang.be\/fr\/wp-json\/wp\/v2\/product\/13584","targetHints":{"allow":["GET"]}}],"collection":[{"href":"https:\/\/finewinegang.be\/fr\/wp-json\/wp\/v2\/product"}],"about":[{"href":"https:\/\/finewinegang.be\/fr\/wp-json\/wp\/v2\/types\/product"}],"version-history":[{"count":2,"href":"https:\/\/finewinegang.be\/fr\/wp-json\/wp\/v2\/product\/13584\/revisions"}],"predecessor-version":[{"id":22303,"href":"https:\/\/finewinegang.be\/fr\/wp-json\/wp\/v2\/product\/13584\/revisions\/22303"}],"acf:post":[{"embeddable":true,"href":"https:\/\/finewinegang.be\/fr\/wp-json\/wp\/v2\/producent\/13109"}],"wp:featuredmedia":[{"embeddable":true,"href":"https:\/\/finewinegang.be\/fr\/wp-json\/wp\/v2\/media\/13582"}],"wp:attachment":[{"href":"https:\/\/finewinegang.be\/fr\/wp-json\/wp\/v2\/media?parent=13584"}],"wp:term":[{"taxonomy":"product_brand","embeddable":true,"href":"https:\/\/finewinegang.be\/fr\/wp-json\/wp\/v2\/product_brand?post=13584"},{"taxonomy":"product_cat","embeddable":true,"href":"https:\/\/finewinegang.be\/fr\/wp-json\/wp\/v2\/product_cat?post=13584"},{"taxonomy":"product_tag","embeddable":true,"href":"https:\/\/finewinegang.be\/fr\/wp-json\/wp\/v2\/product_tag?post=13584"}],"curies":[{"name":"wp","href":"https:\/\/api.w.org\/{rel}","templated":true}]}}