{"id":13539,"date":"2024-05-23T11:08:16","date_gmt":"2024-05-23T09:08:16","guid":{"rendered":"https:\/\/finewinegang.be\/?post_type=product&#038;p=13539"},"modified":"2024-05-30T14:57:59","modified_gmt":"2024-05-30T12:57:59","slug":"tanaka-chartier-blend-001-2018","status":"publish","type":"product","link":"https:\/\/finewinegang.be\/fr\/produit\/tanaka-chartier-blend-001-2018\/","title":{"rendered":"Tanaka Chartier Blend 001 2018"},"content":{"rendered":"","protected":false},"excerpt":{"rendered":"<p>Tanaka Chartier Blend 001, un surprenant sak\u00e9 junmai japonais avec des ar\u00f4mes d\u00e9licats et une saveur douce et raffin\u00e9e.<\/p>\n","protected":false},"featured_media":13537,"template":"","meta":{"_acf_changed":false,"subtitle":"","day_of_the_week":"","starting_time":0,"location":"","other_location_name":"","other_location_street_number":"","other_location_zip":"","other_location_city":"","other_location_address_itinerary_link":"","other_location_email_to_keep_updated":""},"product_brand":[],"product_cat":[373,386],"product_tag":[],"class_list":{"0":"post-13539","1":"product","2":"type-product","3":"status-publish","4":"has-post-thumbnail","6":"product_cat-bouteilles","7":"product_cat-sake-fr","8":"product_shipping_class-flessen-fr","10":"first","11":"instock","12":"taxable","13":"shipping-taxable","14":"purchasable","15":"product-type-simple"},"acf":{"jaargang":"2018","volume":50,"alcohol":16,"schenktemperatuur":"4\u00b0C - 20\u00b0C","Producent":[13141],"producent_search":"Tanaka Chartier","cuvee":"Blend 001","land":"Japan","regio":"Miyagi","appellatie":"Junmai sak\u00e9","Kracht":1,"intensiteit":2,"Verouderingspotentieel":3,"smaakprofiel":["Complex","Fijn","Gastronomisch"],"aromas":["Gedroogd Fruit","Witte Bloemen"],"Auteur":"Stijn","quote":"C'est comme si vous \u00e9tiez frapp\u00e9 par la lumi\u00e8re lorsque vous go\u00fbtez \u00e0 ce sak\u00e9 flamboyant. N'oubliez pas de le d\u00e9guster frais, et de le laisser prendre un peu de temp\u00e9rature dans votre verre. Savourez-le avec pr\u00e9caution. Prenez votre temps et appr\u00e9ciez sa complexit\u00e9, son harmonie, tout ce qui le rend si inoubliable...    ","druif":["Nama"],"awards":"","bio":false},"_links":{"self":[{"href":"https:\/\/finewinegang.be\/fr\/wp-json\/wp\/v2\/product\/13539","targetHints":{"allow":["GET"]}}],"collection":[{"href":"https:\/\/finewinegang.be\/fr\/wp-json\/wp\/v2\/product"}],"about":[{"href":"https:\/\/finewinegang.be\/fr\/wp-json\/wp\/v2\/types\/product"}],"version-history":[{"count":1,"href":"https:\/\/finewinegang.be\/fr\/wp-json\/wp\/v2\/product\/13539\/revisions"}],"predecessor-version":[{"id":14426,"href":"https:\/\/finewinegang.be\/fr\/wp-json\/wp\/v2\/product\/13539\/revisions\/14426"}],"acf:post":[{"embeddable":true,"href":"https:\/\/finewinegang.be\/fr\/wp-json\/wp\/v2\/producent\/13141"}],"wp:featuredmedia":[{"embeddable":true,"href":"https:\/\/finewinegang.be\/fr\/wp-json\/wp\/v2\/media\/13537"}],"wp:attachment":[{"href":"https:\/\/finewinegang.be\/fr\/wp-json\/wp\/v2\/media?parent=13539"}],"wp:term":[{"taxonomy":"product_brand","embeddable":true,"href":"https:\/\/finewinegang.be\/fr\/wp-json\/wp\/v2\/product_brand?post=13539"},{"taxonomy":"product_cat","embeddable":true,"href":"https:\/\/finewinegang.be\/fr\/wp-json\/wp\/v2\/product_cat?post=13539"},{"taxonomy":"product_tag","embeddable":true,"href":"https:\/\/finewinegang.be\/fr\/wp-json\/wp\/v2\/product_tag?post=13539"}],"curies":[{"name":"wp","href":"https:\/\/api.w.org\/{rel}","templated":true}]}}