{"id":13535,"date":"2024-05-23T11:08:16","date_gmt":"2024-05-23T09:08:16","guid":{"rendered":"https:\/\/finewinegang.be\/?post_type=product&#038;p=13535"},"modified":"2024-12-16T15:20:31","modified_gmt":"2024-12-16T14:20:31","slug":"ferreira-late-bottled-vintage-2017","status":"publish","type":"product","link":"https:\/\/finewinegang.be\/fr\/produit\/ferreira-late-bottled-vintage-2017\/","title":{"rendered":"Ferreira Late Bottled Vintage 2017"},"content":{"rendered":"","protected":false},"excerpt":{"rendered":"<p>Ferreira Late Bottled Vintage, un puissant porto LBV portugais avec des ar\u00f4mes intenses de fruits m\u00fbrs et d&rsquo;\u00e9pices.<\/p>\n","protected":false},"featured_media":13575,"template":"","meta":{"_acf_changed":false,"subtitle":"","day_of_the_week":"","starting_time":0,"location":"","other_location_name":"","other_location_street_number":"","other_location_zip":"","other_location_city":"","other_location_address_itinerary_link":"","other_location_email_to_keep_updated":""},"product_brand":[],"product_cat":[373,388],"product_tag":[],"class_list":{"0":"post-13535","1":"product","2":"type-product","3":"status-publish","4":"has-post-thumbnail","6":"product_cat-bouteilles","7":"product_cat-porto","8":"product_shipping_class-flessen-fr","10":"first","11":"instock","12":"taxable","13":"shipping-taxable","14":"purchasable","15":"product-type-simple"},"acf":{"jaargang":"2017","volume":75,"alcohol":20,"schenktemperatuur":"10\u00b0C - 14\u00b0C","Producent":[13137],"producent_search":"Ferreira","cuvee":"Late Bottled Vintage","land":"Portugal","regio":"Douro","appellatie":"DO Porto","Kracht":4,"intensiteit":5,"Verouderingspotentieel":5,"smaakprofiel":["Compact","Fruitig","Stevig"],"aromas":["Eucalyptus","Zoete Kruiden","Zwart Fruit"],"Auteur":"Antoine","quote":"Le vin des superlatifs : grand, doux, audacieux, gorg\u00e9 de fruits noirs et m\u00fbrs, ainsi que d'\u00e9pices. Le corps et les muscles.... ","druif":["Tinta Barroca","Tinta C\u00e3o","Tinta Roriz","Touriga Franca","Touriga Nacional"],"awards":"","bio":false},"_links":{"self":[{"href":"https:\/\/finewinegang.be\/fr\/wp-json\/wp\/v2\/product\/13535","targetHints":{"allow":["GET"]}}],"collection":[{"href":"https:\/\/finewinegang.be\/fr\/wp-json\/wp\/v2\/product"}],"about":[{"href":"https:\/\/finewinegang.be\/fr\/wp-json\/wp\/v2\/types\/product"}],"version-history":[{"count":1,"href":"https:\/\/finewinegang.be\/fr\/wp-json\/wp\/v2\/product\/13535\/revisions"}],"predecessor-version":[{"id":14427,"href":"https:\/\/finewinegang.be\/fr\/wp-json\/wp\/v2\/product\/13535\/revisions\/14427"}],"acf:post":[{"embeddable":true,"href":"https:\/\/finewinegang.be\/fr\/wp-json\/wp\/v2\/producent\/13137"}],"wp:featuredmedia":[{"embeddable":true,"href":"https:\/\/finewinegang.be\/fr\/wp-json\/wp\/v2\/media\/13575"}],"wp:attachment":[{"href":"https:\/\/finewinegang.be\/fr\/wp-json\/wp\/v2\/media?parent=13535"}],"wp:term":[{"taxonomy":"product_brand","embeddable":true,"href":"https:\/\/finewinegang.be\/fr\/wp-json\/wp\/v2\/product_brand?post=13535"},{"taxonomy":"product_cat","embeddable":true,"href":"https:\/\/finewinegang.be\/fr\/wp-json\/wp\/v2\/product_cat?post=13535"},{"taxonomy":"product_tag","embeddable":true,"href":"https:\/\/finewinegang.be\/fr\/wp-json\/wp\/v2\/product_tag?post=13535"}],"curies":[{"name":"wp","href":"https:\/\/api.w.org\/{rel}","templated":true}]}}