{"id":13525,"date":"2024-05-23T11:08:16","date_gmt":"2024-05-23T09:08:16","guid":{"rendered":"https:\/\/finewinegang.be\/?post_type=product&#038;p=13525"},"modified":"2026-03-26T15:16:19","modified_gmt":"2026-03-26T14:16:19","slug":"ferreira-dona-antonia-old-tawny-10-years","status":"publish","type":"product","link":"https:\/\/finewinegang.be\/fr\/produit\/ferreira-dona-antonia-old-tawny-10-years\/","title":{"rendered":"Ferreira Dona Antonia &lsquo;Old Tawny 10 years&rsquo;"},"content":{"rendered":"","protected":false},"excerpt":{"rendered":"<p>Ferreira Dona Antonia &lsquo;Old Tawny 10 years&rsquo;, un porto tawny portugais raffin\u00e9 avec des saveurs riches de fruits secs et de noix.<\/p>\n","protected":false},"featured_media":13580,"template":"","meta":{"_acf_changed":false,"subtitle":"","day_of_the_week":"","starting_time":0,"location":"","other_location_name":"","other_location_street_number":"","other_location_zip":"","other_location_city":"","other_location_address_itinerary_link":"","other_location_email_to_keep_updated":""},"product_brand":[],"product_cat":[373,388],"product_tag":[590],"class_list":{"0":"post-13525","1":"product","2":"type-product","3":"status-publish","4":"has-post-thumbnail","6":"product_cat-bouteilles","7":"product_cat-porto","8":"product_tag-casa-ferreirinha-porto-fr","9":"product_shipping_class-flessen-fr","11":"first","12":"instock","13":"taxable","14":"shipping-taxable","15":"purchasable","16":"product-type-simple"},"acf":{"jaargang":"Non Vintage","volume":75,"alcohol":20,"schenktemperatuur":"10\u00b0C - 14\u00b0C","Producent":[13137],"producent_search":"Ferreira","cuvee":"Dona Antonia 'Old Tawny 10 years'","land":"Portugal","regio":"Douro","appellatie":"DO Porto","Kracht":5,"intensiteit":5,"Verouderingspotentieel":1,"smaakprofiel":["Complex","Intens","Krachtig"],"aromas":["Eiktoetsen","Gestoofd Rood Fruit","Zoete Kruiden"],"Auteur":"Antoine","quote":"Si le porto est l'un des plus grands vins du monde, alors Ferreira est sans aucun doute l'une des plus grandes maisons du Douro. Le tawny 10 years est un exemple de pointe, dans un style pur et moderne. J'aime le d\u00e9guster l\u00e9g\u00e8rement frais.  ","druif":["Tinta Amarela","Tinta Barroca","Tinta C\u00e3o","Tinta Roriz","Touriga Franca","Touriga Nacional"],"awards":"","bio":false},"_links":{"self":[{"href":"https:\/\/finewinegang.be\/fr\/wp-json\/wp\/v2\/product\/13525","targetHints":{"allow":["GET"]}}],"collection":[{"href":"https:\/\/finewinegang.be\/fr\/wp-json\/wp\/v2\/product"}],"about":[{"href":"https:\/\/finewinegang.be\/fr\/wp-json\/wp\/v2\/types\/product"}],"version-history":[{"count":1,"href":"https:\/\/finewinegang.be\/fr\/wp-json\/wp\/v2\/product\/13525\/revisions"}],"predecessor-version":[{"id":14428,"href":"https:\/\/finewinegang.be\/fr\/wp-json\/wp\/v2\/product\/13525\/revisions\/14428"}],"acf:post":[{"embeddable":true,"href":"https:\/\/finewinegang.be\/fr\/wp-json\/wp\/v2\/producent\/13137"}],"wp:featuredmedia":[{"embeddable":true,"href":"https:\/\/finewinegang.be\/fr\/wp-json\/wp\/v2\/media\/13580"}],"wp:attachment":[{"href":"https:\/\/finewinegang.be\/fr\/wp-json\/wp\/v2\/media?parent=13525"}],"wp:term":[{"taxonomy":"product_brand","embeddable":true,"href":"https:\/\/finewinegang.be\/fr\/wp-json\/wp\/v2\/product_brand?post=13525"},{"taxonomy":"product_cat","embeddable":true,"href":"https:\/\/finewinegang.be\/fr\/wp-json\/wp\/v2\/product_cat?post=13525"},{"taxonomy":"product_tag","embeddable":true,"href":"https:\/\/finewinegang.be\/fr\/wp-json\/wp\/v2\/product_tag?post=13525"}],"curies":[{"name":"wp","href":"https:\/\/api.w.org\/{rel}","templated":true}]}}