{"id":13505,"date":"2024-05-27T11:44:19","date_gmt":"2024-05-27T09:44:19","guid":{"rendered":"https:\/\/finewinegang.be\/?post_type=product&#038;p=13505"},"modified":"2024-05-30T14:55:59","modified_gmt":"2024-05-30T12:55:59","slug":"spiritus-rex-tardivo-di-ciaculli-geist-von-der-sizilianischen-mandarine","status":"publish","type":"product","link":"https:\/\/finewinegang.be\/fr\/produit\/spiritus-rex-tardivo-di-ciaculli-geist-von-der-sizilianischen-mandarine\/","title":{"rendered":"Spiritus Rex Tardivo Di Ciaculli: Geist von der sizilianischen Mandarine"},"content":{"rendered":"","protected":false},"excerpt":{"rendered":"<p>D\u00e9couvrez la finesse de Spiritus Rex Tardivo Di Ciaculli, une esprit allemande \u00e9labor\u00e9e \u00e0 partir de mandarines siciliennes pour une exp\u00e9rience d\u00e9licate et aromatique.<\/p>\n","protected":false},"featured_media":14904,"template":"","meta":{"_acf_changed":false,"subtitle":"","day_of_the_week":"","starting_time":0,"location":"","other_location_name":"","other_location_street_number":"","other_location_zip":"","other_location_city":"","other_location_address_itinerary_link":"","other_location_email_to_keep_updated":""},"product_brand":[],"product_cat":[373,383],"product_tag":[],"class_list":{"0":"post-13505","1":"product","2":"type-product","3":"status-publish","4":"has-post-thumbnail","6":"product_cat-bouteilles","7":"product_cat-spiriteux","8":"product_shipping_class-flessen-fr","10":"first","11":"instock","12":"taxable","13":"shipping-taxable","14":"purchasable","15":"product-type-simple"},"acf":{"jaargang":"Non Vintage","volume":35,"alcohol":42,"schenktemperatuur":"18\u00b0C - 20\u00b0C","Producent":[13145],"producent_search":"Spiritus Rex","cuvee":"Tardivo Di Ciaculli: Geist von der sizilianischen Mandarine","land":"Duitsland","regio":"Malente","appellatie":"","Kracht":4,"intensiteit":5,"Verouderingspotentieel":1,"smaakprofiel":["Gastronomisch","Grandioos","Uitzonderlijk"],"aromas":["Citrus","Mandarijn"],"Auteur":"Stijn","quote":"Une grande baffe dans la tronche ! Vous n'avez jamais \u00e9t\u00e9 confront\u00e9 \u00e0 un tel niveau d'intensit\u00e9 et de qualit\u00e9. Il vous rendra dingue, alors consommez-le avec pr\u00e9caution et faites-le savoir au monde entier !   ","druif":"","awards":"","bio":false},"_links":{"self":[{"href":"https:\/\/finewinegang.be\/fr\/wp-json\/wp\/v2\/product\/13505","targetHints":{"allow":["GET"]}}],"collection":[{"href":"https:\/\/finewinegang.be\/fr\/wp-json\/wp\/v2\/product"}],"about":[{"href":"https:\/\/finewinegang.be\/fr\/wp-json\/wp\/v2\/types\/product"}],"version-history":[{"count":1,"href":"https:\/\/finewinegang.be\/fr\/wp-json\/wp\/v2\/product\/13505\/revisions"}],"predecessor-version":[{"id":13818,"href":"https:\/\/finewinegang.be\/fr\/wp-json\/wp\/v2\/product\/13505\/revisions\/13818"}],"acf:post":[{"embeddable":true,"href":"https:\/\/finewinegang.be\/fr\/wp-json\/wp\/v2\/producent\/13145"}],"wp:featuredmedia":[{"embeddable":true,"href":"https:\/\/finewinegang.be\/fr\/wp-json\/wp\/v2\/media\/14904"}],"wp:attachment":[{"href":"https:\/\/finewinegang.be\/fr\/wp-json\/wp\/v2\/media?parent=13505"}],"wp:term":[{"taxonomy":"product_brand","embeddable":true,"href":"https:\/\/finewinegang.be\/fr\/wp-json\/wp\/v2\/product_brand?post=13505"},{"taxonomy":"product_cat","embeddable":true,"href":"https:\/\/finewinegang.be\/fr\/wp-json\/wp\/v2\/product_cat?post=13505"},{"taxonomy":"product_tag","embeddable":true,"href":"https:\/\/finewinegang.be\/fr\/wp-json\/wp\/v2\/product_tag?post=13505"}],"curies":[{"name":"wp","href":"https:\/\/api.w.org\/{rel}","templated":true}]}}