{"id":13494,"date":"2024-05-23T11:08:19","date_gmt":"2024-05-23T09:08:19","guid":{"rendered":"https:\/\/finewinegang.be\/?post_type=product&#038;p=13494"},"modified":"2024-05-30T14:56:25","modified_gmt":"2024-05-30T12:56:25","slug":"botan-ginzu","status":"publish","type":"product","link":"https:\/\/finewinegang.be\/fr\/produit\/botan-ginzu\/","title":{"rendered":"B\u00f4tan Ginzu"},"content":{"rendered":"","protected":false},"excerpt":{"rendered":"<p>B\u00f4tan Ginzu, un m\u00e9lange d&rsquo;agrumes, de gingembre et de yuzu pour une exp\u00e9rience rafra\u00eechissante et \u00e9pic\u00e9e sans alcool.<\/p>\n","protected":false},"featured_media":14913,"template":"","meta":{"_acf_changed":false,"subtitle":"","day_of_the_week":"","starting_time":0,"location":"","other_location_name":"","other_location_street_number":"","other_location_zip":"","other_location_city":"","other_location_address_itinerary_link":"","other_location_email_to_keep_updated":""},"product_brand":[],"product_cat":[373,381],"product_tag":[],"class_list":{"0":"post-13494","1":"product","2":"type-product","3":"status-publish","4":"has-post-thumbnail","6":"product_cat-bouteilles","7":"product_cat-sans-alcool","8":"product_shipping_class-flessen-fr","10":"first","11":"outofstock","12":"taxable","13":"shipping-taxable","14":"purchasable","15":"product-type-simple"},"acf":{"jaargang":"Non Vintage","volume":75,"alcohol":0,"schenktemperatuur":"6\u00b0C - 8\u00b0C","Producent":[13149],"producent_search":"B\u00f4tan","cuvee":"Ginzu","land":"Belgi\u00eb","regio":"Anvers","appellatie":"Agrumes - Gingembre - Yuzu","Kracht":3,"intensiteit":4,"Verouderingspotentieel":1,"smaakprofiel":"","aromas":"","Auteur":"Stijn","quote":"","druif":"","awards":"","bio":false},"_links":{"self":[{"href":"https:\/\/finewinegang.be\/fr\/wp-json\/wp\/v2\/product\/13494","targetHints":{"allow":["GET"]}}],"collection":[{"href":"https:\/\/finewinegang.be\/fr\/wp-json\/wp\/v2\/product"}],"about":[{"href":"https:\/\/finewinegang.be\/fr\/wp-json\/wp\/v2\/types\/product"}],"version-history":[{"count":1,"href":"https:\/\/finewinegang.be\/fr\/wp-json\/wp\/v2\/product\/13494\/revisions"}],"predecessor-version":[{"id":14421,"href":"https:\/\/finewinegang.be\/fr\/wp-json\/wp\/v2\/product\/13494\/revisions\/14421"}],"acf:post":[{"embeddable":true,"href":"https:\/\/finewinegang.be\/fr\/wp-json\/wp\/v2\/producent\/13149"}],"wp:featuredmedia":[{"embeddable":true,"href":"https:\/\/finewinegang.be\/fr\/wp-json\/wp\/v2\/media\/14913"}],"wp:attachment":[{"href":"https:\/\/finewinegang.be\/fr\/wp-json\/wp\/v2\/media?parent=13494"}],"wp:term":[{"taxonomy":"product_brand","embeddable":true,"href":"https:\/\/finewinegang.be\/fr\/wp-json\/wp\/v2\/product_brand?post=13494"},{"taxonomy":"product_cat","embeddable":true,"href":"https:\/\/finewinegang.be\/fr\/wp-json\/wp\/v2\/product_cat?post=13494"},{"taxonomy":"product_tag","embeddable":true,"href":"https:\/\/finewinegang.be\/fr\/wp-json\/wp\/v2\/product_tag?post=13494"}],"curies":[{"name":"wp","href":"https:\/\/api.w.org\/{rel}","templated":true}]}}