{"id":13179,"date":"2024-03-28T09:30:28","date_gmt":"2024-03-28T08:30:28","guid":{"rendered":"https:\/\/finewinegang.be\/?post_type=product&#038;p=13179"},"modified":"2025-11-17T15:36:42","modified_gmt":"2025-11-17T14:36:42","slug":"berte-cordini-pinot-nero-spumante","status":"publish","type":"product","link":"https:\/\/finewinegang.be\/fr\/produit\/berte-cordini-pinot-nero-spumante\/","title":{"rendered":"Bert\u00e9 &#038; Cordini Pinot nero Spumante"},"content":{"rendered":"","protected":false},"excerpt":{"rendered":"<p><span data-sheets-root=\"1\" data-sheets-value=\"{\" data-sheets-userformat=\"{\">D\u00e9couvrez notre s\u00e9lection de vins exquis, y compris le Pinot Nero Spumante de Berthe &amp; Cordini. D\u00e9couvrez la perfection dans chaque bulle. Ontdek de perfectie in elke bubbel. <\/span><\/p>\n","protected":false},"featured_media":14784,"template":"","meta":{"_acf_changed":false,"subtitle":"","day_of_the_week":"Monday","starting_time":0,"location":"ANTWERP","other_location_name":"","other_location_street_number":"","other_location_zip":"","other_location_city":"","other_location_address_itinerary_link":"","other_location_email_to_keep_updated":""},"product_brand":[],"product_cat":[373,597,375],"product_tag":[614],"class_list":{"0":"post-13179","1":"product","2":"type-product","3":"status-publish","4":"has-post-thumbnail","6":"product_cat-bouteilles","7":"product_cat-local-friday-2025","8":"product_cat-vin-mousseux","9":"product_tag-sparkling-tasting","11":"first","12":"instock","13":"taxable","14":"shipping-taxable","15":"purchasable","16":"product-type-simple"},"acf":{"jaargang":"Non Vintage","volume":75,"alcohol":12,"schenktemperatuur":"4\u00b0C - 7\u00b0C","Producent":[13056],"producent_search":"Bert\u00e9 & Cordini","cuvee":"Pinot nero Spumante","land":"Itali\u00eb","regio":"Lombardia","appellatie":"Oltrepo Pavese metodo Martinotti","Kracht":2,"intensiteit":3,"Verouderingspotentieel":1,"smaakprofiel":["Licht","Verfrissend","Voor Elke Dag"],"aromas":["Appel","Peer","Witte Bloemen"],"Auteur":"Antoine","quote":"De fines bulles et un fruit\u00e9 direct font de ce Pinot une v\u00e9ritable merveille. Pas de c********, du plaisir \u00e0 l'\u00e9tat pur ! Geen gedoe, puur plezier. ","druif":["Pinot Noir"],"awards":"","bio":false},"_links":{"self":[{"href":"https:\/\/finewinegang.be\/fr\/wp-json\/wp\/v2\/product\/13179","targetHints":{"allow":["GET"]}}],"collection":[{"href":"https:\/\/finewinegang.be\/fr\/wp-json\/wp\/v2\/product"}],"about":[{"href":"https:\/\/finewinegang.be\/fr\/wp-json\/wp\/v2\/types\/product"}],"version-history":[{"count":2,"href":"https:\/\/finewinegang.be\/fr\/wp-json\/wp\/v2\/product\/13179\/revisions"}],"predecessor-version":[{"id":14500,"href":"https:\/\/finewinegang.be\/fr\/wp-json\/wp\/v2\/product\/13179\/revisions\/14500"}],"acf:post":[{"embeddable":true,"href":"https:\/\/finewinegang.be\/fr\/wp-json\/wp\/v2\/producent\/13056"}],"wp:featuredmedia":[{"embeddable":true,"href":"https:\/\/finewinegang.be\/fr\/wp-json\/wp\/v2\/media\/14784"}],"wp:attachment":[{"href":"https:\/\/finewinegang.be\/fr\/wp-json\/wp\/v2\/media?parent=13179"}],"wp:term":[{"taxonomy":"product_brand","embeddable":true,"href":"https:\/\/finewinegang.be\/fr\/wp-json\/wp\/v2\/product_brand?post=13179"},{"taxonomy":"product_cat","embeddable":true,"href":"https:\/\/finewinegang.be\/fr\/wp-json\/wp\/v2\/product_cat?post=13179"},{"taxonomy":"product_tag","embeddable":true,"href":"https:\/\/finewinegang.be\/fr\/wp-json\/wp\/v2\/product_tag?post=13179"}],"curies":[{"name":"wp","href":"https:\/\/api.w.org\/{rel}","templated":true}]}}