{"id":13177,"date":"2024-03-28T09:35:05","date_gmt":"2024-03-28T08:35:05","guid":{"rendered":"https:\/\/finewinegang.be\/product\/cuvee-della-casa-extra-brut\/"},"modified":"2025-12-26T16:32:52","modified_gmt":"2025-12-26T15:32:52","slug":"berte-cordini-cuvee-della-casa-extra-brut","status":"publish","type":"product","link":"https:\/\/finewinegang.be\/fr\/produit\/berte-cordini-cuvee-della-casa-extra-brut\/","title":{"rendered":"Bert\u00e9 &#038; Cordini Cuv\u00e9e della Casa Extra-Brut"},"content":{"rendered":"","protected":false},"excerpt":{"rendered":"<p><span data-sheets-root=\"1\" data-sheets-value=\"{\" data-sheets-userformat=\"{\">D\u00e9couvrez l&rsquo;\u00e9l\u00e9gance raffin\u00e9e de la Cuv\u00e9e della Casa Extra-Brut de Bert\u00e9 &amp; Cordini, une c\u00e9l\u00e9bration p\u00e9tillante de saveur et d&rsquo;artisanat.<\/span><\/p>\n","protected":false},"featured_media":12077,"template":"","meta":{"_acf_changed":false,"subtitle":"","day_of_the_week":"","starting_time":0,"location":"","other_location_name":"","other_location_street_number":"","other_location_zip":"","other_location_city":"","other_location_address_itinerary_link":"","other_location_email_to_keep_updated":""},"product_brand":[],"product_cat":[373,375],"product_tag":[],"class_list":{"0":"post-13177","1":"product","2":"type-product","3":"status-publish","4":"has-post-thumbnail","6":"product_cat-bouteilles","7":"product_cat-vin-mousseux","8":"product_shipping_class-flessen-fr","10":"first","11":"instock","12":"taxable","13":"shipping-taxable","14":"purchasable","15":"product-type-simple"},"acf":{"jaargang":"Non Vintage","volume":75,"alcohol":12.5,"schenktemperatuur":"4\u00b0C - 7\u00b0C","Producent":[13056],"producent_search":"Bert\u00e9 & Cordini","cuvee":"Cuv\u00e9e della Casa Extra-Brut","land":"Itali\u00eb","regio":"Lombardia","appellatie":"Oltrepo Pavese metodo classico","Kracht":2,"intensiteit":2,"Verouderingspotentieel":1,"smaakprofiel":["Complex","Fijne Pareling","Mineraal"],"aromas":["Appel","Brioche","Perzik"],"Auteur":"Stijn","quote":"Pensez \u00e0 un mousseux de premier ordre, fin, \u00e9quilibr\u00e9 et complexe. Pensez \u00e0 des moments festifs. Pensez \u00e0 des moments sp\u00e9ciaux ! ","druif":["Pinot Noir"],"awards":"","bio":false},"_links":{"self":[{"href":"https:\/\/finewinegang.be\/fr\/wp-json\/wp\/v2\/product\/13177","targetHints":{"allow":["GET"]}}],"collection":[{"href":"https:\/\/finewinegang.be\/fr\/wp-json\/wp\/v2\/product"}],"about":[{"href":"https:\/\/finewinegang.be\/fr\/wp-json\/wp\/v2\/types\/product"}],"version-history":[{"count":1,"href":"https:\/\/finewinegang.be\/fr\/wp-json\/wp\/v2\/product\/13177\/revisions"}],"predecessor-version":[{"id":14497,"href":"https:\/\/finewinegang.be\/fr\/wp-json\/wp\/v2\/product\/13177\/revisions\/14497"}],"acf:post":[{"embeddable":true,"href":"https:\/\/finewinegang.be\/fr\/wp-json\/wp\/v2\/producent\/13056"}],"wp:featuredmedia":[{"embeddable":true,"href":"https:\/\/finewinegang.be\/fr\/wp-json\/wp\/v2\/media\/12077"}],"wp:attachment":[{"href":"https:\/\/finewinegang.be\/fr\/wp-json\/wp\/v2\/media?parent=13177"}],"wp:term":[{"taxonomy":"product_brand","embeddable":true,"href":"https:\/\/finewinegang.be\/fr\/wp-json\/wp\/v2\/product_brand?post=13177"},{"taxonomy":"product_cat","embeddable":true,"href":"https:\/\/finewinegang.be\/fr\/wp-json\/wp\/v2\/product_cat?post=13177"},{"taxonomy":"product_tag","embeddable":true,"href":"https:\/\/finewinegang.be\/fr\/wp-json\/wp\/v2\/product_tag?post=13177"}],"curies":[{"name":"wp","href":"https:\/\/api.w.org\/{rel}","templated":true}]}}