{"id":13174,"date":"2024-05-29T15:33:49","date_gmt":"2024-05-29T13:33:49","guid":{"rendered":"https:\/\/finewinegang.be\/?post_type=product&#038;p=13174"},"modified":"2024-05-30T15:32:01","modified_gmt":"2024-05-30T13:32:01","slug":"fleur-de-miraval-er1","status":"publish","type":"product","link":"https:\/\/finewinegang.be\/fr\/produit\/fleur-de-miraval-er1\/","title":{"rendered":"Fleur de Miraval ER1"},"content":{"rendered":"","protected":false},"excerpt":{"rendered":"<p><span data-sheets-root=\"1\" data-sheets-value=\"{\" data-sheets-userformat=\"{\">D\u00e9couvrez la complexit\u00e9 subtile de Fleur de Miraval ER1, un champagne capturant l&rsquo;essence de la sophistication.<\/span><\/p>\n","protected":false},"featured_media":14802,"template":"","meta":{"_acf_changed":false,"subtitle":"","day_of_the_week":"","starting_time":0,"location":"","other_location_name":"","other_location_street_number":"","other_location_zip":"","other_location_city":"","other_location_address_itinerary_link":"","other_location_email_to_keep_updated":""},"product_brand":[],"product_cat":[373,374],"product_tag":[],"class_list":{"0":"post-13174","1":"product","2":"type-product","3":"status-publish","4":"has-post-thumbnail","6":"product_cat-bouteilles","7":"product_cat-vin-mousseux-rose","8":"product_shipping_class-flessen-fr","10":"first","11":"instock","12":"taxable","13":"shipping-taxable","14":"purchasable","15":"product-type-simple"},"acf":{"jaargang":"ER1","volume":75,"alcohol":12.5,"schenktemperatuur":"4\u00b0C - 10\u00b0C","Producent":[13059],"producent_search":"Fleur de Miraval","cuvee":"ER1","land":"Frankrijk","regio":"Champagne","appellatie":"Champagne","Kracht":2,"intensiteit":2,"Verouderingspotentieel":3,"smaakprofiel":["Chic","Complex","Elegant"],"aromas":["Brioche","Framboos","Pompelmoes"],"Auteur":"Antoine","quote":"L'un des meilleurs champagnes ros\u00e9s que j'aie jamais go\u00fbt\u00e9, fin, \u00e9l\u00e9gant et tr\u00e8s d\u00e9licat, il offre une exp\u00e9rience hors du commun. La toute premi\u00e8re version, avec un soup\u00e7on d'\u00e9volution suppl\u00e9mentaire !   ","druif":["Chardonnay","Pinot Noir"],"awards":"","bio":false},"_links":{"self":[{"href":"https:\/\/finewinegang.be\/fr\/wp-json\/wp\/v2\/product\/13174","targetHints":{"allow":["GET"]}}],"collection":[{"href":"https:\/\/finewinegang.be\/fr\/wp-json\/wp\/v2\/product"}],"about":[{"href":"https:\/\/finewinegang.be\/fr\/wp-json\/wp\/v2\/types\/product"}],"version-history":[{"count":3,"href":"https:\/\/finewinegang.be\/fr\/wp-json\/wp\/v2\/product\/13174\/revisions"}],"predecessor-version":[{"id":14492,"href":"https:\/\/finewinegang.be\/fr\/wp-json\/wp\/v2\/product\/13174\/revisions\/14492"}],"acf:post":[{"embeddable":true,"href":"https:\/\/finewinegang.be\/fr\/wp-json\/wp\/v2\/producent\/13059"}],"wp:featuredmedia":[{"embeddable":true,"href":"https:\/\/finewinegang.be\/fr\/wp-json\/wp\/v2\/media\/14802"}],"wp:attachment":[{"href":"https:\/\/finewinegang.be\/fr\/wp-json\/wp\/v2\/media?parent=13174"}],"wp:term":[{"taxonomy":"product_brand","embeddable":true,"href":"https:\/\/finewinegang.be\/fr\/wp-json\/wp\/v2\/product_brand?post=13174"},{"taxonomy":"product_cat","embeddable":true,"href":"https:\/\/finewinegang.be\/fr\/wp-json\/wp\/v2\/product_cat?post=13174"},{"taxonomy":"product_tag","embeddable":true,"href":"https:\/\/finewinegang.be\/fr\/wp-json\/wp\/v2\/product_tag?post=13174"}],"curies":[{"name":"wp","href":"https:\/\/api.w.org\/{rel}","templated":true}]}}