{"id":21418,"date":"2025-02-20T11:04:30","date_gmt":"2025-02-20T10:04:30","guid":{"rendered":"https:\/\/finewinegang.be\/review\/"},"modified":"2025-05-26T15:19:33","modified_gmt":"2025-05-26T13:19:33","slug":"review","status":"publish","type":"page","link":"https:\/\/finewinegang.be\/fr\/review\/","title":{"rendered":"Review"},"content":{"rendered":"\t\t<div data-elementor-type=\"wp-page\" data-elementor-id=\"21418\" class=\"elementor elementor-21418 elementor-20311\" data-elementor-post-type=\"page\">\n\t\t\t\t<div class=\"wd-negative-gap elementor-element elementor-element-3abd1bc dc-has-condition dc-condition-not_empty e-flex e-con-boxed e-con e-parent\" data-id=\"3abd1bc\" data-element_type=\"container\" data-e-type=\"container\" data-settings=\"{&quot;jet_parallax_layout_list&quot;:[]}\">\n\t\t\t\t\t<div class=\"e-con-inner\">\n\t\t\t\t<div class=\"elementor-element elementor-element-6da067a elementor-widget elementor-widget-wd_text_block\" data-id=\"6da067a\" data-element_type=\"widget\" data-e-type=\"widget\" data-widget_type=\"wd_text_block.default\">\n\t\t\t\t<div class=\"elementor-widget-container\">\n\t\t\t\t\t\t\t<div class=\"wd-text-block reset-last-child text-left\">\n\t\t\t\n\t\t\t\n\t\t\t\t\t<\/div>\n\t\t\t\t\t\t<\/div>\n\t\t\t\t<\/div>\n\t\t\t\t<div class=\"elementor-element elementor-element-d748374 elementor-widget elementor-widget-wd_text_block\" data-id=\"d748374\" data-element_type=\"widget\" data-e-type=\"widget\" data-widget_type=\"wd_text_block.default\">\n\t\t\t\t<div class=\"elementor-widget-container\">\n\t\t\t\t\t\t\t<div class=\"wd-text-block reset-last-child text-left\">\n\t\t\t\n\t\t\t<p data-start=\"55\" data-end=\"224\">Votre commande chez <strong>The Fine Wine Gang <\/strong>a fait battre votre c\u0153ur de vin plus vite ?<br><span style=\"font-size: 17px; text-align: var(--text-align); background-color: var(--wd-main-bgcolor); color: var(--wd-text-color);\">Nous en sommes<\/span> <span style=\"font-size: 17px; text-align: var(--text-align); background-color: var(--wd-main-bgcolor); color: var(--wd-text-color);\">tr\u00e8s heureux ! \ud83d\ude0d<\/span><\/p><p data-start=\"55\" data-end=\"224\">\ud83d\udc49 V<strong data-start=\"562\" data-end=\"586\">ous avez une minute ?<\/strong> Laissez-nous votre avis sur <strong data-start=\"613\" data-end=\"627\">Trustpilot <\/strong>et racontez-nous votre exp\u00e9rience avec The Fine Wine Gang. Le simple fait d'\u00eatre honn\u00eate sur ce que vous avez pens\u00e9 vaut son pesant d'or ! \u2728<\/p><p data-start=\"226\" data-end=\"557\">Votre commentaire nous aidera <span style=\"font-family: Lato, Arial, Helvetica, sans-serif; font-size: 17px; font-style: normal; font-variant-ligatures: normal; font-variant-caps: normal; font-weight: 400; text-align: var(--text-align); background-color: var(--wd-main-bgcolor); color: var(--wd-text-color);\">non seulement \u00e0 nous am\u00e9liorer,<\/span> <span style=\"font-size: 17px; text-align: var(--text-align); background-color: var(--wd-main-bgcolor); color: var(--wd-text-color);\">mais aussi \u00e0 aider d'autres amateurs de vin \u00e0 trouver leur chemin vers notre Mecque du vin.<\/span><\/p><p data-start=\"778\" data-end=\"980\"><strong data-start=\"778\" data-end=\"810\">Pourquoi \u00e9crire un avis ?<br data-start=\"810\" data-end=\"813\"><\/strong>\u2705 Vous aidez les autres \u00e0 choisir en toute confiance.<br data-start=\"854\" data-end=\"857\">\u2705 Vous nous donnez un retour d'information pr\u00e9cieux (nous lisons <em data-start=\"903\" data-end=\"911\">tout <\/em>!).<br data-start=\"913\" data-end=\"916\">\u2705 Vous faites en sorte qu'ensemble, nous rendions le monde du vin encore plus amusant.<\/p><p data-start=\"982\" data-end=\"1065\">Cliquez sur le bouton ci-dessous et donnez-nous de vos nouvelles.<\/p><p data-start=\"982\" data-end=\"1065\"><em data-start=\"1019\" data-end=\"1060\">Merci et \u00e0 votre sant\u00e9 <\/em>\ud83e\udd42<\/p><p data-start=\"982\" data-end=\"1065\">The Fine Wine Gang<\/p>\n\t\t\t\t\t<\/div>\n\t\t\t\t\t\t<\/div>\n\t\t\t\t<\/div>\n\t\t\t\t<div class=\"elementor-element elementor-element-f4b44cf btn-styl elementor-widget elementor-widget-button\" data-id=\"f4b44cf\" data-element_type=\"widget\" data-e-type=\"widget\" data-widget_type=\"button.default\">\n\t\t\t\t<div class=\"elementor-widget-container\">\n\t\t\t\t\t\t\t\t\t<div class=\"elementor-button-wrapper\">\n\t\t\t\t\t<a class=\"elementor-button elementor-button-link elementor-size-sm\" href=\"https:\/\/fr-be.trustpilot.com\/evaluate\/finewinegang.be\">\n\t\t\t\t\t\t<span class=\"elementor-button-content-wrapper\">\n\t\t\t\t\t\t\t\t\t<span class=\"elementor-button-text\">Donnez votre avis sur Trustpilot<\/span>\n\t\t\t\t\t<\/span>\n\t\t\t\t\t<\/a>\n\t\t\t\t<\/div>\n\t\t\t\t\t\t\t\t<\/div>\n\t\t\t\t<\/div>\n\t\t\t\t\t<\/div>\n\t\t\t\t<\/div>\n\t\t<!-- hidden container 21418-6bb3371 --><!-- hidden container 21418-69d6cbd -->\t\t<\/div>\n\t\t","protected":false},"excerpt":{"rendered":"<p>Votre commande chez The Fine Wine Gang a fait battre votre c\u0153ur de vin plus vite ?Nous en sommes tr\u00e8s<\/p>\n","protected":false},"author":1,"featured_media":0,"parent":0,"menu_order":0,"comment_status":"closed","ping_status":"closed","template":"elementor_header_footer","meta":{"_acf_changed":false,"footnotes":""},"class_list":["post-21418","page","type-page","status-publish","hentry"],"acf":[],"_links":{"self":[{"href":"https:\/\/finewinegang.be\/fr\/wp-json\/wp\/v2\/pages\/21418","targetHints":{"allow":["GET"]}}],"collection":[{"href":"https:\/\/finewinegang.be\/fr\/wp-json\/wp\/v2\/pages"}],"about":[{"href":"https:\/\/finewinegang.be\/fr\/wp-json\/wp\/v2\/types\/page"}],"author":[{"embeddable":true,"href":"https:\/\/finewinegang.be\/fr\/wp-json\/wp\/v2\/users\/1"}],"replies":[{"embeddable":true,"href":"https:\/\/finewinegang.be\/fr\/wp-json\/wp\/v2\/comments?post=21418"}],"version-history":[{"count":2,"href":"https:\/\/finewinegang.be\/fr\/wp-json\/wp\/v2\/pages\/21418\/revisions"}],"predecessor-version":[{"id":22436,"href":"https:\/\/finewinegang.be\/fr\/wp-json\/wp\/v2\/pages\/21418\/revisions\/22436"}],"wp:attachment":[{"href":"https:\/\/finewinegang.be\/fr\/wp-json\/wp\/v2\/media?parent=21418"}],"curies":[{"name":"wp","href":"https:\/\/api.w.org\/{rel}","templated":true}]}}