{"id":18634,"date":"2024-11-25T13:37:26","date_gmt":"2024-11-25T12:37:26","guid":{"rendered":"https:\/\/finewinegang.be\/local-friday\/"},"modified":"2024-11-25T16:38:47","modified_gmt":"2024-11-25T15:38:47","slug":"local-friday","status":"publish","type":"page","link":"https:\/\/finewinegang.be\/fr\/local-friday\/","title":{"rendered":"Local Friday"},"content":{"rendered":"\t\t<div data-elementor-type=\"wp-page\" data-elementor-id=\"18634\" class=\"elementor elementor-18634 elementor-18511\" data-elementor-post-type=\"page\">\n\t\t\t\t<div class=\"elementor-element elementor-element-a4079ad e-con-full wd-section-stretch e-flex e-con e-parent\" data-id=\"a4079ad\" data-element_type=\"container\" data-e-type=\"container\" data-settings=\"{&quot;background_background&quot;:&quot;classic&quot;,&quot;jet_parallax_layout_list&quot;:[{&quot;_id&quot;:&quot;54b19bb&quot;,&quot;jet_parallax_layout_image&quot;:{&quot;url&quot;:&quot;https:\\\/\\\/finewinegang.be\\\/wp-content\\\/uploads\\\/2024\\\/11\\\/Kantoorkontent_TheFineWineGang-012-scaled.jpg&quot;,&quot;id&quot;:18563,&quot;size&quot;:&quot;&quot;,&quot;alt&quot;:&quot;&quot;,&quot;source&quot;:&quot;library&quot;},&quot;jet_parallax_layout_speed&quot;:{&quot;unit&quot;:&quot;%&quot;,&quot;size&quot;:67,&quot;sizes&quot;:[]},&quot;jet_parallax_layout_bg_x&quot;:60,&quot;jet_parallax_layout_bg_size&quot;:&quot;cover&quot;,&quot;jet_parallax_layout_image_widescreen&quot;:{&quot;url&quot;:&quot;&quot;,&quot;id&quot;:&quot;&quot;,&quot;size&quot;:&quot;&quot;},&quot;jet_parallax_layout_image_laptop&quot;:{&quot;url&quot;:&quot;&quot;,&quot;id&quot;:&quot;&quot;,&quot;size&quot;:&quot;&quot;},&quot;jet_parallax_layout_image_tablet&quot;:{&quot;url&quot;:&quot;&quot;,&quot;id&quot;:&quot;&quot;,&quot;size&quot;:&quot;&quot;},&quot;jet_parallax_layout_image_mobile_extra&quot;:{&quot;url&quot;:&quot;&quot;,&quot;id&quot;:&quot;&quot;,&quot;size&quot;:&quot;&quot;},&quot;jet_parallax_layout_image_mobile&quot;:{&quot;url&quot;:&quot;&quot;,&quot;id&quot;:&quot;&quot;,&quot;size&quot;:&quot;&quot;},&quot;jet_parallax_layout_type&quot;:&quot;scroll&quot;,&quot;jet_parallax_layout_direction&quot;:&quot;1&quot;,&quot;jet_parallax_layout_fx_direction&quot;:null,&quot;jet_parallax_layout_z_index&quot;:&quot;&quot;,&quot;jet_parallax_layout_bg_x_widescreen&quot;:&quot;&quot;,&quot;jet_parallax_layout_bg_x_laptop&quot;:&quot;&quot;,&quot;jet_parallax_layout_bg_x_tablet&quot;:&quot;&quot;,&quot;jet_parallax_layout_bg_x_mobile_extra&quot;:&quot;&quot;,&quot;jet_parallax_layout_bg_x_mobile&quot;:&quot;&quot;,&quot;jet_parallax_layout_bg_y&quot;:50,&quot;jet_parallax_layout_bg_y_widescreen&quot;:&quot;&quot;,&quot;jet_parallax_layout_bg_y_laptop&quot;:&quot;&quot;,&quot;jet_parallax_layout_bg_y_tablet&quot;:&quot;&quot;,&quot;jet_parallax_layout_bg_y_mobile_extra&quot;:&quot;&quot;,&quot;jet_parallax_layout_bg_y_mobile&quot;:&quot;&quot;,&quot;jet_parallax_layout_bg_size_widescreen&quot;:&quot;&quot;,&quot;jet_parallax_layout_bg_size_laptop&quot;:&quot;&quot;,&quot;jet_parallax_layout_bg_size_tablet&quot;:&quot;&quot;,&quot;jet_parallax_layout_bg_size_mobile_extra&quot;:&quot;&quot;,&quot;jet_parallax_layout_bg_size_mobile&quot;:&quot;&quot;,&quot;jet_parallax_layout_animation_prop&quot;:&quot;transform&quot;,&quot;jet_parallax_layout_on&quot;:[&quot;desktop&quot;,&quot;tablet&quot;]}]}\">\n\t\t\t\t<div class=\"elementor-element elementor-element-34faa72 elementor-invisible elementor-widget elementor-widget-wd_text_block\" data-id=\"34faa72\" data-element_type=\"widget\" data-e-type=\"widget\" data-settings=\"{&quot;_animation&quot;:&quot;fadeIn&quot;}\" data-widget_type=\"wd_text_block.default\">\n\t\t\t\t<div class=\"elementor-widget-container\">\n\t\t\t\t\t\t\t<div class=\"wd-text-block reset-last-child text-center\">\n\t\t\t\n\t\t\t<p>Choisir local, recevoir plus<span style=\"font-size: 80px; color: var( --e-global-color-primary ); text-align: var(--text-align); background-color: var(--wd-main-bgcolor);\"><\/span><\/p>\n\t\t\t\t\t<\/div>\n\t\t\t\t\t\t<\/div>\n\t\t\t\t<\/div>\n\t\t\t\t<div class=\"elementor-element elementor-element-140b96f elementor-invisible elementor-widget elementor-widget-wd_text_block\" data-id=\"140b96f\" data-element_type=\"widget\" data-e-type=\"widget\" data-settings=\"{&quot;_animation&quot;:&quot;fadeIn&quot;}\" data-widget_type=\"wd_text_block.default\">\n\t\t\t\t<div class=\"elementor-widget-container\">\n\t\t\t\t\t\t\t<div class=\"wd-text-block reset-last-child text-center\">\n\t\t\t\n\t\t\t<p>50 \u20ac de cadeau pour tout achat \u00e0 partir de 99 \u20ac le 29\/11<span style=\"font-size: 24px; text-align: var(--text-align); background-color: var(--wd-main-bgcolor); color: var(--wd-text-color);\"><\/span><\/p>\n\t\t\t\t\t<\/div>\n\t\t\t\t\t\t<\/div>\n\t\t\t\t<\/div>\n\t\t\t\t<\/div>\n\t\t<div class=\"wd-negative-gap elementor-element elementor-element-6558061 e-flex e-con-boxed e-con e-parent\" data-id=\"6558061\" data-element_type=\"container\" data-e-type=\"container\" data-settings=\"{&quot;jet_parallax_layout_list&quot;:[]}\">\n\t\t\t\t\t<div class=\"e-con-inner\">\n\t\t<div class=\"elementor-element elementor-element-7a4708f e-con-full e-flex elementor-invisible e-con e-child\" data-id=\"7a4708f\" data-element_type=\"container\" data-e-type=\"container\" data-settings=\"{&quot;jet_parallax_layout_list&quot;:[],&quot;animation&quot;:&quot;fadeIn&quot;}\">\n\t\t\t\t<div class=\"elementor-element elementor-element-4e6988a elementor-widget elementor-widget-wd_text_block\" data-id=\"4e6988a\" data-element_type=\"widget\" data-e-type=\"widget\" data-widget_type=\"wd_text_block.default\">\n\t\t\t\t<div class=\"elementor-widget-container\">\n\t\t\t\t\t\t\t<div class=\"wd-text-block reset-last-child text-left\">\n\t\t\t\n\t\t\t<p style=\"text-align: center;\">Le 29 novembre, c'est le Local Friday, ou Vendredi Local.<span style=\"background-color: var(--wd-main-bgcolor); color: var(--wd-text-color); font-size: 20px; text-align: var(--text-align);\"><\/span><\/p>\n\t\t\t\t\t<\/div>\n\t\t\t\t\t\t<\/div>\n\t\t\t\t<\/div>\n\t\t\t\t<div class=\"elementor-element elementor-element-b8ed07c elementor-widget elementor-widget-wd_text_block\" data-id=\"b8ed07c\" data-element_type=\"widget\" data-e-type=\"widget\" data-widget_type=\"wd_text_block.default\">\n\t\t\t\t<div class=\"elementor-widget-container\">\n\t\t\t\t\t\t\t<div class=\"wd-text-block reset-last-child text-left\">\n\t\t\t\n\t\t\t<p style=\"text-align: center;\"><span style=\"font-size: 20px; background-color: var(--wd-main-bgcolor); color: var(--wd-text-color);\">Un jour o\u00f9 de nombreuses cartes sont tir\u00e9es pour renforcer l'\u00e9conomie locale.<\/span><\/p><p style=\"text-align: center;\">Chez The Fine Wine Gang, nous croyons au pouvoir des achats locaux et c'est pourquoi nous avons une promotion sp\u00e9ciale pour vous : <b>Achetez au moins 99 \u20ac dans notre boutique en ligne ou dans l'un de nos magasins et recevez un bon d'achat de 50 \u20ac<\/b>.<\/p><p style=\"text-align: center;\">Un cadeau de notre part pour tous ceux qui choisissent consciemment le local !<\/p>\n\t\t\t\t\t<\/div>\n\t\t\t\t\t\t<\/div>\n\t\t\t\t<\/div>\n\t\t\t\t<\/div>\n\t\t<div class=\"elementor-element elementor-element-ecd087e e-con-full e-flex elementor-invisible e-con e-child\" data-id=\"ecd087e\" data-element_type=\"container\" data-e-type=\"container\" data-settings=\"{&quot;background_background&quot;:&quot;classic&quot;,&quot;jet_parallax_layout_list&quot;:[],&quot;animation&quot;:&quot;fadeIn&quot;,&quot;animation_delay&quot;:100}\">\n\t\t\t\t<\/div>\n\t\t\t\t\t<\/div>\n\t\t\t\t<\/div>\n\t\t<div class=\"wd-negative-gap elementor-element elementor-element-585e8f5 wd-section-stretch e-flex e-con-boxed e-con e-parent\" data-id=\"585e8f5\" data-element_type=\"container\" data-e-type=\"container\" data-settings=\"{&quot;background_background&quot;:&quot;classic&quot;,&quot;jet_parallax_layout_list&quot;:[]}\">\n\t\t\t\t\t<div class=\"e-con-inner\">\n\t\t<div class=\"elementor-element elementor-element-2ad1b6f e-con-full e-flex e-con e-child\" data-id=\"2ad1b6f\" data-element_type=\"container\" data-e-type=\"container\" data-settings=\"{&quot;jet_parallax_layout_list&quot;:[]}\">\n\t\t\t\t<div class=\"elementor-element elementor-element-af245ff elementor-invisible elementor-widget elementor-widget-wd_text_block\" data-id=\"af245ff\" data-element_type=\"widget\" data-e-type=\"widget\" data-settings=\"{&quot;_animation&quot;:&quot;fadeIn&quot;,&quot;_animation_delay&quot;:200}\" data-widget_type=\"wd_text_block.default\">\n\t\t\t\t<div class=\"elementor-widget-container\">\n\t\t\t\t\t\t\t<div class=\"wd-text-block reset-last-child text-left\">\n\t\t\t\n\t\t\t<p style=\"text-align: center;\">Friday local chez The Fine Wine Gang, c'est \u00e0 dire :<span style=\"font-size: 60px; text-align: var(--text-align); background-color: var(--wd-main-bgcolor); color: var(--wd-text-color);\"><\/span><\/p>\n\t\t\t\t\t<\/div>\n\t\t\t\t\t\t<\/div>\n\t\t\t\t<\/div>\n\t\t\t\t<\/div>\n\t\t<div class=\"elementor-element elementor-element-7a57bf9 e-con-full e-flex elementor-invisible e-con e-child\" data-id=\"7a57bf9\" data-element_type=\"container\" data-e-type=\"container\" data-settings=\"{&quot;jet_parallax_layout_list&quot;:[],&quot;animation&quot;:&quot;fadeIn&quot;,&quot;animation_delay&quot;:400}\">\n\t\t\t\t<div class=\"elementor-element elementor-element-499e6b2 elementor-widget elementor-widget-wd_text_block\" data-id=\"499e6b2\" data-element_type=\"widget\" data-e-type=\"widget\" data-widget_type=\"wd_text_block.default\">\n\t\t\t\t<div class=\"elementor-widget-container\">\n\t\t\t\t\t\t\t<div class=\"wd-text-block reset-last-child text-left\">\n\t\t\t\n\t\t\t<p style=\"text-align: center;\">Donner un coup de pouce au local<\/p>\n\t\t\t\t\t<\/div>\n\t\t\t\t\t\t<\/div>\n\t\t\t\t<\/div>\n\t\t\t\t<div class=\"elementor-element elementor-element-c4a62b4 elementor-widget elementor-widget-wd_text_block\" data-id=\"c4a62b4\" data-element_type=\"widget\" data-e-type=\"widget\" data-widget_type=\"wd_text_block.default\">\n\t\t\t\t<div class=\"elementor-widget-container\">\n\t\t\t\t\t\t\t<div class=\"wd-text-block reset-last-child text-left\">\n\t\t\t\n\t\t\t<p style=\"text-align: center;\">En faisant vos achats chez nous, vous soutenez un caviste local passionn\u00e9 qui est toujours pr\u00eat \u00e0 vous conseiller le vin, le porto, le sak\u00e9, le spiritueux ou l'alternative non alcoolis\u00e9e qui vous convient.<\/p>\n\t\t\t\t\t<\/div>\n\t\t\t\t\t\t<\/div>\n\t\t\t\t<\/div>\n\t\t\t\t<\/div>\n\t\t<div class=\"elementor-element elementor-element-b49e9c6 e-con-full e-flex elementor-invisible e-con e-child\" data-id=\"b49e9c6\" data-element_type=\"container\" data-e-type=\"container\" data-settings=\"{&quot;jet_parallax_layout_list&quot;:[],&quot;animation&quot;:&quot;fadeIn&quot;,&quot;animation_delay&quot;:600}\">\n\t\t\t\t<div class=\"elementor-element elementor-element-18f0613 elementor-widget elementor-widget-wd_text_block\" data-id=\"18f0613\" data-element_type=\"widget\" data-e-type=\"widget\" data-widget_type=\"wd_text_block.default\">\n\t\t\t\t<div class=\"elementor-widget-container\">\n\t\t\t\t\t\t\t<div class=\"wd-text-block reset-last-child text-left\">\n\t\t\t\n\t\t\t<p style=\"text-align: center;\">La qualit\u00e9 plut\u00f4t que la quantit\u00e9<\/p>\n\t\t\t\t\t<\/div>\n\t\t\t\t\t\t<\/div>\n\t\t\t\t<\/div>\n\t\t\t\t<div class=\"elementor-element elementor-element-bee8b21 elementor-widget elementor-widget-wd_text_block\" data-id=\"bee8b21\" data-element_type=\"widget\" data-e-type=\"widget\" data-widget_type=\"wd_text_block.default\">\n\t\t\t\t<div class=\"elementor-widget-container\">\n\t\t\t\t\t\t\t<div class=\"wd-text-block reset-last-child text-left\">\n\t\t\t\n\t\t\t<p style=\"text-align: center;\">Pas d'offres de masse, mais une gamme unique et honn\u00eate, choisie par de grands sommeliers et des connaisseurs en vin exp\u00e9riment\u00e9s.<\/p>\n\t\t\t\t\t<\/div>\n\t\t\t\t\t\t<\/div>\n\t\t\t\t<\/div>\n\t\t\t\t<\/div>\n\t\t<div class=\"elementor-element elementor-element-2f8b801 e-con-full e-flex elementor-invisible e-con e-child\" data-id=\"2f8b801\" data-element_type=\"container\" data-e-type=\"container\" data-settings=\"{&quot;jet_parallax_layout_list&quot;:[],&quot;animation&quot;:&quot;fadeIn&quot;,&quot;animation_delay&quot;:800}\">\n\t\t\t\t<div class=\"elementor-element elementor-element-a8cc9e4 elementor-widget elementor-widget-wd_text_block\" data-id=\"a8cc9e4\" data-element_type=\"widget\" data-e-type=\"widget\" data-widget_type=\"wd_text_block.default\">\n\t\t\t\t<div class=\"elementor-widget-container\">\n\t\t\t\t\t\t\t<div class=\"wd-text-block reset-last-child text-left\">\n\t\t\t\n\t\t\t<p style=\"text-align: center;\">Vous mettre en valeur, vous, le client<\/p>\n\t\t\t\t\t<\/div>\n\t\t\t\t\t\t<\/div>\n\t\t\t\t<\/div>\n\t\t\t\t<div class=\"elementor-element elementor-element-7788b7c elementor-widget elementor-widget-wd_text_block\" data-id=\"7788b7c\" data-element_type=\"widget\" data-e-type=\"widget\" data-widget_type=\"wd_text_block.default\">\n\t\t\t\t<div class=\"elementor-widget-container\">\n\t\t\t\t\t\t\t<div class=\"wd-text-block reset-last-child text-left\">\n\t\t\t\n\t\t\t<p style=\"text-align: center;\">Parce que sans client, pas de commerce de proximit\u00e9. Pour tout achat \u00e0 partir de 99 \u20ac, vous recevrez un bon d'achat de 50 \u20ac en guise de remerciement pour votre soutien. Ce bon est valable jusqu'au 29\/11\/2025.  <\/p>\n\t\t\t\t\t<\/div>\n\t\t\t\t\t\t<\/div>\n\t\t\t\t<\/div>\n\t\t\t\t<\/div>\n\t\t\t\t\t<\/div>\n\t\t\t\t<\/div>\n\t\t<div class=\"wd-negative-gap elementor-element elementor-element-1047170 e-flex e-con-boxed e-con e-parent\" data-id=\"1047170\" data-element_type=\"container\" data-e-type=\"container\" data-settings=\"{&quot;jet_parallax_layout_list&quot;:[]}\">\n\t\t\t\t\t<div class=\"e-con-inner\">\n\t\t\t\t<div class=\"elementor-element elementor-element-d7b2a6a elementor-widget elementor-widget-wd_text_block\" data-id=\"d7b2a6a\" data-element_type=\"widget\" data-e-type=\"widget\" data-widget_type=\"wd_text_block.default\">\n\t\t\t\t<div class=\"elementor-widget-container\">\n\t\t\t\t\t\t\t<div class=\"wd-text-block reset-last-child text-center\">\n\t\t\t\n\t\t\t<p>COMMENT \u00c7A MARCHE\u202f?<span style=\"font-size: 45px; text-align: var(--text-align); background-color: var(--wd-main-bgcolor); color: var(--wd-text-color);\"><\/span><\/p>\n\t\t\t\t\t<\/div>\n\t\t\t\t\t\t<\/div>\n\t\t\t\t<\/div>\n\t\t\t\t<div class=\"elementor-element elementor-element-d4258d1 elementor-tabs-alignment-center elementor-tabs-view-horizontal elementor-widget elementor-widget-tabs\" data-id=\"d4258d1\" data-element_type=\"widget\" data-e-type=\"widget\" data-widget_type=\"tabs.default\">\n\t\t\t\t<div class=\"elementor-widget-container\">\n\t\t\t\t\t\t\t<div class=\"elementor-tabs\">\n\t\t\t<div class=\"elementor-tabs-wrapper\" role=\"tablist\" >\n\t\t\t\t\t\t\t\t\t<div id=\"elementor-tab-title-2221\" class=\"elementor-tab-title elementor-tab-desktop-title\" aria-selected=\"true\" data-tab=\"1\" role=\"tab\" tabindex=\"0\" aria-controls=\"elementor-tab-content-2221\" aria-expanded=\"false\">EN LIGNE<\/div>\n\t\t\t\t\t\t\t\t\t<div id=\"elementor-tab-title-2222\" class=\"elementor-tab-title elementor-tab-desktop-title\" aria-selected=\"false\" data-tab=\"2\" role=\"tab\" tabindex=\"-1\" aria-controls=\"elementor-tab-content-2222\" aria-expanded=\"false\">En magasin<\/div>\n\t\t\t\t\t\t\t<\/div>\n\t\t\t<div class=\"elementor-tabs-content-wrapper\" role=\"tablist\" aria-orientation=\"vertical\">\n\t\t\t\t\t\t\t\t\t<div class=\"elementor-tab-title elementor-tab-mobile-title\" aria-selected=\"true\" data-tab=\"1\" role=\"tab\" tabindex=\"0\" aria-controls=\"elementor-tab-content-2221\" aria-expanded=\"false\">EN LIGNE<\/div>\n\t\t\t\t\t<div id=\"elementor-tab-content-2221\" class=\"elementor-tab-content elementor-clearfix\" data-tab=\"1\" role=\"tabpanel\" aria-labelledby=\"elementor-tab-title-2221\" tabindex=\"0\" hidden=\"false\"><p>\u00a0<\/p><p style=\"text-align: center;\"><strong>\u00c9TAPE 1 <\/strong><br \/>Commande d&rsquo;au moins 99 euros dans <a style=\"color: #b08c59; text-decoration: underline;\" href=\"https:\/\/finewinegang.be\/nl\/webshop\/\"><span style=\"text-decoration: underline; color: #b08c59;\">notre webshop<\/span><\/a> le 29 novembre.<br \/><br \/><br \/><strong>\u00c9TAPE 2<br \/><\/strong>Apr\u00e8s l&rsquo;e-mail de confirmation de votre commande, vous recevrez un second e-mail contenant un code personnel unique d&rsquo;une valeur de 50 euros.<br \/><br \/><br \/><strong>\u00c9TAPE 3<br \/><\/strong>Utilisez ce code lors de votre prochaine commande dans notre boutique en ligne et b\u00e9n\u00e9ficiez d&rsquo;une r\u00e9duction de 50 \u20ac sur votre total.<\/p><p style=\"text-align: center;\">Le code de r\u00e9duction est valable jusqu&rsquo;au 29\/11\/2025.<\/p><\/div>\n\t\t\t\t\t\t\t\t\t<div class=\"elementor-tab-title elementor-tab-mobile-title\" aria-selected=\"false\" data-tab=\"2\" role=\"tab\" tabindex=\"-1\" aria-controls=\"elementor-tab-content-2222\" aria-expanded=\"false\">En magasin<\/div>\n\t\t\t\t\t<div id=\"elementor-tab-content-2222\" class=\"elementor-tab-content elementor-clearfix\" data-tab=\"2\" role=\"tabpanel\" aria-labelledby=\"elementor-tab-title-2222\" tabindex=\"0\" hidden=\"hidden\"><p>\u00a0<\/p><p style=\"text-align: center;\"><strong>\u00c9TAPE 1<\/strong><br \/>Achetez au moins 99 euros dans le magasin The Fine Wine Gang \u00e0 <a style=\"color: #b08c59; text-decoration: underline;\" href=\"https:\/\/finewinegang.be\/fr\/boutique\/the-fine-wine-gang-anvers\/\"><span style=\"color: #b08c59; text-decoration: underline;\"><span style=\"text-decoration: underline;\">Anvers <\/span><\/span><\/a>ou \u00e0 <a style=\"color: #b08c59; text-decoration: underline;\" href=\"https:\/\/finewinegang.be\/fr\/boutique\/the-fine-wine-gang-durbuy\/\"><span style=\"color: #b08c59; text-decoration: underline;\"><span style=\"text-decoration: underline;\">Durbuy <\/span><\/span><\/a>le vendredi 29 novembre.<br \/><br \/><br \/><strong>\u00c9TAPE 2<\/strong><br \/>Lors de votre achat, vous recevrez un ch\u00e8que-cadeau sur lequel figurera un code personnel unique d&rsquo;une valeur de 50 euros.<br \/><br \/><br \/><strong>\u00c9TAPE 3<\/strong><br \/>Utilisez ce ch\u00e8que-cadeau lors de votre prochaine commande dans les magasins physiques, ou utilisez le code unique lors du r\u00e8glement de votre commande en ligne sur notre boutique en ligne, et b\u00e9n\u00e9ficiez d&rsquo;une r\u00e9duction de 50 \u20ac sur votre total.<\/p><p style=\"text-align: center;\">Le code de r\u00e9duction est valable jusqu&rsquo;au 29\/11\/2025.<\/p><p style=\"text-align: center;\">\u00a0<\/p><\/div>\n\t\t\t\t\t\t\t<\/div>\n\t\t<\/div>\n\t\t\t\t\t\t<\/div>\n\t\t\t\t<\/div>\n\t\t\t\t\t<\/div>\n\t\t\t\t<\/div>\n\t\t<div class=\"wd-negative-gap elementor-element elementor-element-ecc2115 wd-section-stretch e-flex e-con-boxed e-con e-parent\" data-id=\"ecc2115\" data-element_type=\"container\" data-e-type=\"container\" data-settings=\"{&quot;background_background&quot;:&quot;classic&quot;,&quot;jet_parallax_layout_list&quot;:[]}\">\n\t\t\t\t\t<div class=\"e-con-inner\">\n\t\t<div class=\"elementor-element elementor-element-141ab4b e-con-full e-flex e-con e-child\" data-id=\"141ab4b\" data-element_type=\"container\" data-e-type=\"container\" data-settings=\"{&quot;jet_parallax_layout_list&quot;:[]}\">\n\t\t\t\t<div class=\"elementor-element elementor-element-9dc748c elementor-invisible elementor-widget elementor-widget-wd_text_block\" data-id=\"9dc748c\" data-element_type=\"widget\" data-e-type=\"widget\" data-settings=\"{&quot;_animation&quot;:&quot;fadeIn&quot;}\" data-widget_type=\"wd_text_block.default\">\n\t\t\t\t<div class=\"elementor-widget-container\">\n\t\t\t\t\t\t\t<div class=\"wd-text-block reset-last-child text-left\">\n\t\t\t\n\t\t\t<p style=\"text-align: center;\">Rejoignez-nous le 29 novembre !<\/p><p style=\"text-align: center;\">Recevez votre bon d'achat de 50 \u20ac sur les achats \u00e0 partir de 99 \u20ac.<\/p>\n\t\t\t\t\t<\/div>\n\t\t\t\t\t\t<\/div>\n\t\t\t\t<\/div>\n\t\t\t\t<\/div>\n\t\t<div class=\"elementor-element elementor-element-acc9c84 e-con-full e-flex e-con e-child\" data-id=\"acc9c84\" data-element_type=\"container\" data-e-type=\"container\" data-settings=\"{&quot;jet_parallax_layout_list&quot;:[]}\">\n\t\t\t\t<div class=\"elementor-element elementor-element-c134ed3 elementor-invisible elementor-widget elementor-widget-wd_button\" data-id=\"c134ed3\" data-element_type=\"widget\" data-e-type=\"widget\" id=\"style\" data-settings=\"{&quot;_animation&quot;:&quot;fadeIn&quot;,&quot;_animation_delay&quot;:400}\" data-widget_type=\"wd_button.default\">\n\t\t\t\t<div class=\"elementor-widget-container\">\n\t\t\t\t\t\t\t<div class=\"wd-button-wrapper text-center\" >\n\t\t\t<a class=\"btn btn-style-default btn-shape-semi-round btn-size-extra-large btn-color-primary btn-icon-pos-right\"  href=\"https:\/\/finewinegang.be\/fr\/webshop\/\">\n\t\t\t\t<span class=\"wd-btn-text\" data-elementor-setting-key=\"text\">\n\t\t\t\t\tAcheter en ligne\t\t\t\t<\/span>\n\n\t\t\t\t\t\t\t<\/a>\n\t\t<\/div>\n\t\t\t\t\t\t<\/div>\n\t\t\t\t<\/div>\n\t\t\t\t<\/div>\n\t\t<div class=\"elementor-element elementor-element-326d143 e-con-full e-flex e-con e-child\" data-id=\"326d143\" data-element_type=\"container\" data-e-type=\"container\" data-settings=\"{&quot;jet_parallax_layout_list&quot;:[]}\">\n\t\t\t\t<div class=\"elementor-element elementor-element-03ecb46 elementor-invisible elementor-widget elementor-widget-wd_button\" data-id=\"03ecb46\" data-element_type=\"widget\" data-e-type=\"widget\" data-settings=\"{&quot;_animation&quot;:&quot;fadeIn&quot;,&quot;_animation_delay&quot;:800}\" data-widget_type=\"wd_button.default\">\n\t\t\t\t<div class=\"elementor-widget-container\">\n\t\t\t\t\t\t\t<div class=\"wd-button-wrapper text-center\" >\n\t\t\t<a class=\"btn btn-style-default btn-shape-semi-round btn-size-extra-large btn-color-primary btn-icon-pos-right\"  href=\"https:\/\/finewinegang.be\/fr\/boutiques\/\">\n\t\t\t\t<span class=\"wd-btn-text\" data-elementor-setting-key=\"text\">\n\t\t\t\t\tTrouver un magasin\t\t\t\t<\/span>\n\n\t\t\t\t\t\t\t<\/a>\n\t\t<\/div>\n\t\t\t\t\t\t<\/div>\n\t\t\t\t<\/div>\n\t\t\t\t<\/div>\n\t\t\t\t\t<\/div>\n\t\t\t\t<\/div>\n\t\t\t\t<\/div>\n\t\t","protected":false},"excerpt":{"rendered":"<p>Choisir local, recevoir plus 50 \u20ac de cadeau pour tout achat \u00e0 partir de 99 \u20ac le 29\/11 Le 29<\/p>\n","protected":false},"author":1,"featured_media":18516,"parent":0,"menu_order":0,"comment_status":"closed","ping_status":"closed","template":"elementor_header_footer","meta":{"_acf_changed":false,"footnotes":""},"class_list":["post-18634","page","type-page","status-publish","has-post-thumbnail","hentry"],"acf":[],"_links":{"self":[{"href":"https:\/\/finewinegang.be\/fr\/wp-json\/wp\/v2\/pages\/18634","targetHints":{"allow":["GET"]}}],"collection":[{"href":"https:\/\/finewinegang.be\/fr\/wp-json\/wp\/v2\/pages"}],"about":[{"href":"https:\/\/finewinegang.be\/fr\/wp-json\/wp\/v2\/types\/page"}],"author":[{"embeddable":true,"href":"https:\/\/finewinegang.be\/fr\/wp-json\/wp\/v2\/users\/1"}],"replies":[{"embeddable":true,"href":"https:\/\/finewinegang.be\/fr\/wp-json\/wp\/v2\/comments?post=18634"}],"version-history":[{"count":5,"href":"https:\/\/finewinegang.be\/fr\/wp-json\/wp\/v2\/pages\/18634\/revisions"}],"predecessor-version":[{"id":18640,"href":"https:\/\/finewinegang.be\/fr\/wp-json\/wp\/v2\/pages\/18634\/revisions\/18640"}],"wp:featuredmedia":[{"embeddable":true,"href":"https:\/\/finewinegang.be\/fr\/wp-json\/wp\/v2\/media\/18516"}],"wp:attachment":[{"href":"https:\/\/finewinegang.be\/fr\/wp-json\/wp\/v2\/media?parent=18634"}],"curies":[{"name":"wp","href":"https:\/\/api.w.org\/{rel}","templated":true}]}}